{"id":672,"date":"2014-12-12T20:52:10","date_gmt":"2014-12-12T20:52:10","guid":{"rendered":"http:\/\/390.d70.mwp.accessdomain.com\/?page_id=672"},"modified":"2021-05-31T13:21:50","modified_gmt":"2021-05-31T17:21:50","slug":"gestion-du-cerumen","status":"publish","type":"page","link":"https:\/\/davidsonhearingaids.com\/fr\/nos-services\/gestion-du-cerumen\/","title":{"rendered":"\u00c9limination du c\u00e9rumen"},"content":{"rendered":"<p>[et_pb_section fb_built=\u00a0\u00bb1&Prime; admin_label=\u00a0\u00bbHero\u00a0\u00bb _builder_version=\u00a0\u00bb4.9.4&Prime; custom_padding=\u00a0\u00bb0px|0px|0px|0px\u00a0\u00bb animation_style=\u00a0\u00bbzoom\u00a0\u00bb animation_intensity_zoom=\u00a0\u00bb4%\u00a0\u00bb locked=\u00a0\u00bboff\u00a0\u00bb][et_pb_row column_structure=\u00a0\u00bb2_3,1_3&Prime; use_custom_gutter=\u00a0\u00bbon\u00a0\u00bb gutter_width=\u00a0\u00bb1&Prime; make_equal=\u00a0\u00bbon\u00a0\u00bb module_class=\u00a0\u00bb et_pb_row_fullwidth\u00a0\u00bb _builder_version=\u00a0\u00bb4.9.4&Prime; background_color=\u00a0\u00bbrgba(240,240,240,0.34)\u00a0\u00bb background_image=\u00a0\u00bbhttps:\/\/davidsonhearingaids.com\/wp-content\/uploads\/2021\/05\/circle-background-pattern.png\u00a0\u00bb background_position=\u00a0\u00bbcenter_left\u00a0\u00bb background_repeat=\u00a0\u00bbrepeat\u00a0\u00bb width=\u00a0\u00bb100%\u00a0\u00bb width_tablet=\u00a0\u00bb100%\u00a0\u00bb width_phone=\u00a0\u00bb\u00a0\u00bb width_last_edited=\u00a0\u00bbon|desktop\u00a0\u00bb max_width=\u00a0\u00bb100%\u00a0\u00bb max_width_tablet=\u00a0\u00bb100%\u00a0\u00bb max_width_phone=\u00a0\u00bb\u00a0\u00bb max_width_last_edited=\u00a0\u00bbon|desktop\u00a0\u00bb custom_padding=\u00a0\u00bb0px||0px||false|false\u00a0\u00bb animation_style=\u00a0\u00bbslide\u00a0\u00bb animation_direction=\u00a0\u00bbtop\u00a0\u00bb animation_intensity_slide=\u00a0\u00bb3%\u00a0\u00bb make_fullwidth=\u00a0\u00bbon\u00a0\u00bb][et_pb_column type=\u00a0\u00bb2_3&Prime; _builder_version=\u00a0\u00bb4.9.4&Prime; background_image=\u00a0\u00bbhttps:\/\/davidsonhearingaids.com\/wp-content\/uploads\/2021\/05\/wax-removal-1.jpg\u00a0\u00bb background_position=\u00a0\u00bbcenter_left\u00a0\u00bb custom_padding=\u00a0\u00bb||||false|false\u00a0\u00bb custom_padding__hover=\u00a0\u00bb|||\u00a0\u00bb][et_pb_image src=\u00a0\u00bbhttps:\/\/davidsonhearingaids.com\/wp-content\/uploads\/2021\/05\/cerum.png\u00a0\u00bb title_text=\u00a0\u00bbcerum\u00a0\u00bb _builder_version=\u00a0\u00bb4.9.4&Prime; _module_preset=\u00a0\u00bbdefault\u00a0\u00bb custom_margin=\u00a0\u00bb30px||30px||true|false\u00a0\u00bb custom_margin_tablet=\u00a0\u00bb70px||70px||true|false\u00a0\u00bb custom_margin_phone=\u00a0\u00bb\u00a0\u00bb custom_margin_last_edited=\u00a0\u00bbon|desktop\u00a0\u00bb hover_enabled=\u00a0\u00bb0&Prime; sticky_enabled=\u00a0\u00bb0&Prime;][\/et_pb_image][\/et_pb_column][et_pb_column type=\u00a0\u00bb1_3&Prime; _builder_version=\u00a0\u00bb4.9.4&Prime; background_enable_color=\u00a0\u00bboff\u00a0\u00bb background_image=\u00a0\u00bbhttps:\/\/davidsonhearingaids.com\/wp-content\/uploads\/2017\/12\/Header_beyondZ.jpg\u00a0\u00bb custom_padding=\u00a0\u00bb3%|3%|3%|3%|true|false\u00a0\u00bb custom_padding_tablet=\u00a0\u00bb6%||6%|6%|true|false\u00a0\u00bb custom_padding_phone=\u00a0\u00bb10%|8%|10%|8%|true|true\u00a0\u00bb custom_padding_last_edited=\u00a0\u00bbon|phone\u00a0\u00bb custom_padding__hover=\u00a0\u00bb|||\u00a0\u00bb][et_pb_text _builder_version=\u00a0\u00bb4.9.4&Prime; _module_preset=\u00a0\u00bbdefault\u00a0\u00bb header_text_color=\u00a0\u00bb#2991D6&Prime; header_2_text_color=\u00a0\u00bb#ffffff\u00a0\u00bb locked=\u00a0\u00bboff\u00a0\u00bb link_text_color__hover=\u00a0\u00bb#2991D6&Prime; link_text_color__hover_enabled=\u00a0\u00bbon|desktop\u00a0\u00bb header_5_line_height__hover_enabled=\u00a0\u00bbon|desktop\u00a0\u00bb]<\/p>\n<h2>Nos services<\/h2>\n<p>[\/et_pb_text][et_pb_text _builder_version=\u00a0\u00bb4.9.4&Prime; _module_preset=\u00a0\u00bbdefault\u00a0\u00bb ul_text_color=\u00a0\u00bb#878787&Prime; locked=\u00a0\u00bboff\u00a0\u00bb link_text_color__hover=\u00a0\u00bb#2991D6&Prime; link_text_color__hover_enabled=\u00a0\u00bbon|desktop\u00a0\u00bb header_5_line_height__hover_enabled=\u00a0\u00bbon|desktop\u00a0\u00bb]<\/p>\n<ul wfd-id=\"180\">\n<li wfd-id=\"188\"><strong><a href=\"https:\/\/davidsonhearingaids.com\/fr\/nos-services\/tests-auditifs\/\">Tests auditifs<\/a><\/strong><\/li>\n<li wfd-id=\"187\"><strong><a href=\"https:\/\/davidsonhearingaids.com\/fr\/nos-services\/selection-dappareils-auditifs\/\">Choix d\u2019appareil auditif<\/a><\/strong><\/li>\n<li wfd-id=\"186\"><strong><a href=\"https:\/\/davidsonhearingaids.com\/fr\/nos-services\/verification-et-validation\/\">V\u00e9rification et validation<\/a><\/strong><\/li>\n<li wfd-id=\"185\"><strong><a href=\"https:\/\/davidsonhearingaids.com\/fr\/nos-services\/suivis-aux-6-mois\/\">Nettoyage et v\u00e9rification aux 6 mois<\/a><\/strong><\/li>\n<li wfd-id=\"184\"><strong><a href=\"https:\/\/davidsonhearingaids.com\/fr\/nos-services\/reparation-dappareils-auditifs\/\">R\u00e9paration des appareils auditifs<\/a><\/strong><\/li>\n<li wfd-id=\"183\"><strong><a href=\"https:\/\/davidsonhearingaids.com\/fr\/nos-services\/les-acouphenes\/\">Les acouph\u00e8nes<\/a><\/strong><\/li>\n<li wfd-id=\"182\"><strong><a href=\"https:\/\/davidsonhearingaids.com\/fr\/nos-services\/gestion-du-cerumen\/\">\u00c9limination du c\u00e9rum<\/a><\/strong><\/li>\n<li wfd-id=\"181\"><strong><a href=\"https:\/\/davidsonhearingaids.com\/fr\/nos-services\/rendez-vous-a-domicile\/\">Appels \u00e0 domicile<\/a><\/strong><\/li>\n<\/ul>\n<p>[\/et_pb_text][et_pb_sidebar area=\u00a0\u00bbet_pb_widget_area_7&Prime; show_border=\u00a0\u00bboff\u00a0\u00bb _builder_version=\u00a0\u00bb4.9.4&Prime; _module_preset=\u00a0\u00bbdefault\u00a0\u00bb header_font=\u00a0\u00bbBitter|700|||||||\u00a0\u00bb header_text_color=\u00a0\u00bb#F0F0F0&Prime; header_font_size=\u00a0\u00bb32px\u00a0\u00bb custom_padding=\u00a0\u00bb|25%|||false|false\u00a0\u00bb][\/et_pb_sidebar][et_pb_button button_url=\u00a0\u00bbhttps:\/\/davidsonhearingaids.com\/fr\/nos-services\/\u00a0\u00bb button_text=\u00a0\u00bbNos Services\u00a0\u00bb _builder_version=\u00a0\u00bb4.9.4&Prime; _module_preset=\u00a0\u00bbd80bd8c0-331c-4bba-8580-e2818bec5ca1&Prime; button_use_icon=\u00a0\u00bbon\u00a0\u00bb button_icon=\u00a0\u00bb%%41%%\u00a0\u00bb button_icon_placement=\u00a0\u00bbleft\u00a0\u00bb button_on_hover=\u00a0\u00bboff\u00a0\u00bb custom_padding=\u00a0\u00bb15px|30px|15px|40px|true|false\u00a0\u00bb hover_enabled=\u00a0\u00bb0&Prime; locked=\u00a0\u00bboff\u00a0\u00bb button_bg_color__hover=\u00a0\u00bb#045a93&Prime; button_bg_color__hover_enabled=\u00a0\u00bbon|desktop\u00a0\u00bb button_border_color__hover=\u00a0\u00bbrgba(95,26,109,0.8)\u00a0\u00bb button_border_color__hover_enabled=\u00a0\u00bbon|hover\u00a0\u00bb sticky_enabled=\u00a0\u00bb0&Prime;][\/et_pb_button][\/et_pb_column][\/et_pb_row][\/et_pb_section][et_pb_section fb_built=\u00a0\u00bb1&Prime; _builder_version=\u00a0\u00bb4.9.4&Prime; _module_preset=\u00a0\u00bbdefault\u00a0\u00bb locked=\u00a0\u00bboff\u00a0\u00bb][et_pb_row column_structure=\u00a0\u00bb1_2,1_2&Prime; _builder_version=\u00a0\u00bb4.9.4&Prime; _module_preset=\u00a0\u00bbdefault\u00a0\u00bb][et_pb_column type=\u00a0\u00bb1_2&Prime; _builder_version=\u00a0\u00bb4.9.4&Prime; _module_preset=\u00a0\u00bbdefault\u00a0\u00bb][et_pb_text link_text_color__hover=\u00a0\u00bb#2991D6&Prime; link_text_color__hover_enabled=\u00a0\u00bbon|desktop\u00a0\u00bb header_5_line_height__hover_enabled=\u00a0\u00bbon|desktop\u00a0\u00bb _builder_version=\u00a0\u00bb4.9.4&Prime; _module_preset=\u00a0\u00bbdefault\u00a0\u00bb hover_enabled=\u00a0\u00bb0&Prime; sticky_enabled=\u00a0\u00bb0&Prime;]<\/p>\n<div class=\"wpb_text_column wpb_content_element \">\n<div class=\"wpb_wrapper\">\n<h2>\u00c9limination du c\u00e9rumen<\/h2>\n<p>&nbsp;<\/p>\n<\/div>\n<\/div>\n<div class=\"wpb_text_column wpb_content_element \">\n<div class=\"wpb_wrapper\">\n<p>Bien que la production de c\u00e9rumen (cire d\u2019oreille) soit naturelle, les utilisateurs d\u2019appareils auditifs sont beaucoup plus susceptibles que d\u2019autres \u00e0 l\u2019accumulation de c\u00e9rumen. Chaque fois qu\u2019un appareil auditif est mis en place, il pousse le c\u00e9rumen \u00e0 l\u2019int\u00e9rieur, laissant une cr\u00eate r\u00e9siduelle \u00e0 l\u2019extr\u00e9mit\u00e9 de l\u2019appareil. Avec le temps, cette cire peut s\u2019accumuler et bloquer le conduit auditif ou remplir le tube acoustique de l\u2019appareil auditif. Ces deux ph\u00e9nom\u00e8nes entra\u00eenent une diminution de l\u2019acuit\u00e9 auditive.<\/p>\n<p>Nos audiologistes et nos sp\u00e9cialistes certifi\u00e9s dans la gestion du c\u00e9rumen ont acc\u00e8s \u00e0 divers syst\u00e8mes de nettoyage d\u2019oreilles selon le type de c\u00e9rumen et son emplacement dans votre conduit auditif. Les syst\u00e8mes que nous utilisons sont l\u2019aspiration, les curettes et le rin\u00e7age \u00e0 l\u2019eau.<\/p>\n<p>L\u2019\u00e9limination du c\u00e9rumen est un service que nous offrons \u00e0 tous nos patients et \u00e0 toute personne qui utilise un appareil auditif, quel que soit l\u2019endroit o\u00f9 il a \u00e9t\u00e9 achet\u00e9.<\/p>\n<\/div>\n<\/div>\n<p>[\/et_pb_text][\/et_pb_column][et_pb_column type=\u00a0\u00bb1_2&Prime; _builder_version=\u00a0\u00bb4.9.4&Prime; _module_preset=\u00a0\u00bbdefault\u00a0\u00bb custom_padding=\u00a0\u00bb30px|30px|30px|30px|true|true\u00a0\u00bb border_width_all=\u00a0\u00bb2px\u00a0\u00bb border_color_all=\u00a0\u00bb#f72e4d\u00a0\u00bb border_style_all=\u00a0\u00bbdotted\u00a0\u00bb][et_pb_text link_text_color__hover=\u00a0\u00bb#2991D6&Prime; link_text_color__hover_enabled=\u00a0\u00bbon|desktop\u00a0\u00bb header_5_line_height__hover_enabled=\u00a0\u00bbon|desktop\u00a0\u00bb _builder_version=\u00a0\u00bb4.9.4&Prime; _module_preset=\u00a0\u00bbdefault\u00a0\u00bb hover_enabled=\u00a0\u00bb0&Prime; sticky_enabled=\u00a0\u00bb0&Prime;]<\/p>\n<div class=\"wpb_text_column wpb_content_element \">\n<div class=\"wpb_wrapper\">\n<h2>Nouvelle politique pour les patients en mati\u00e8re d\u2019\u00e9limination du c\u00e9rumen<\/h2>\n<p>&nbsp;<\/p>\n<\/div>\n<\/div>\n<div class=\"wpb_text_column wpb_content_element \">\n<div class=\"wpb_wrapper\">\n<p>Veuillez noter que nous n\u2019acceptons pas de nouveaux patients pour l\u2019\u00e9limination du c\u00e9rumen, sauf s\u2019ils portent actuellement des appareils auditifs. Nos services ne sont pas couverts par l\u2019OHIP, puis, en raison de nos contraintes de temps, nous ne sommes pas en mesure d\u2019offrir des rendez-vous pour l\u2019\u00e9limination du c\u00e9rumen au grand public sans prolonger les d\u00e9lais d\u2019attente pour nos clients porteurs d\u2019appareils auditifs.<\/p>\n<p>Nous comprenons qu\u2019un blocage du c\u00e9rumen peut \u00eatre tr\u00e8s frustrant et peut avoir un impact n\u00e9gatif sur vos activit\u00e9s quotidiennes. Nous vous recommandons de consulter votre m\u00e9decin de famille ou de vous rendre dans une clinique sans rendez-vous pour l\u2019\u00e9limination du c\u00e9rumen.<\/p>\n<\/div>\n<\/div>\n<p>[\/et_pb_text][\/et_pb_column][\/et_pb_row][\/et_pb_section]<\/p>\n","protected":false},"excerpt":{"rendered":"<p>Nos services Tests auditifs Choix d\u2019appareil auditif V\u00e9rification et validation Nettoyage et v\u00e9rification aux 6 mois R\u00e9paration des appareils auditifs Les acouph\u00e8nes \u00c9limination du c\u00e9rum Appels \u00e0 domicile \u00c9limination du c\u00e9rumen &nbsp; Bien que la production de c\u00e9rumen (cire d\u2019oreille) soit naturelle, les utilisateurs d\u2019appareils auditifs sont beaucoup plus susceptibles que d\u2019autres \u00e0 l\u2019accumulation de [&hellip;]<\/p>\n","protected":false},"author":1,"featured_media":0,"parent":808,"menu_order":0,"comment_status":"open","ping_status":"open","template":"","meta":{"_et_pb_use_builder":"on","_et_pb_old_content":"","_et_gb_content_width":"","footnotes":""},"class_list":["post-672","page","type-page","status-publish","hentry"],"yoast_head":"<!-- This site is optimized with the Yoast SEO plugin v27.5 - https:\/\/yoast.com\/product\/yoast-seo-wordpress\/ -->\n<title>\u00c9limination du c\u00e9rumen - Davidson Hearing Aid Centres<\/title>\n<meta name=\"robots\" content=\"index, follow, max-snippet:-1, max-image-preview:large, max-video-preview:-1\" \/>\n<link rel=\"canonical\" href=\"https:\/\/davidsonhearingaids.com\/fr\/nos-services\/gestion-du-cerumen\/\" \/>\n<meta property=\"og:locale\" content=\"fr_FR\" \/>\n<meta property=\"og:type\" content=\"article\" \/>\n<meta property=\"og:title\" content=\"\u00c9limination du c\u00e9rumen - Davidson Hearing Aid Centres\" \/>\n<meta property=\"og:description\" content=\"Nos services Tests auditifs Choix d\u2019appareil auditif V\u00e9rification et validation Nettoyage et v\u00e9rification aux 6 mois R\u00e9paration des appareils auditifs Les acouph\u00e8nes \u00c9limination du c\u00e9rum Appels \u00e0 domicile \u00c9limination du c\u00e9rumen &nbsp; Bien que la production de c\u00e9rumen (cire d\u2019oreille) soit naturelle, les utilisateurs d\u2019appareils auditifs sont beaucoup plus susceptibles que d\u2019autres \u00e0 l\u2019accumulation de [&hellip;]\" \/>\n<meta property=\"og:url\" content=\"https:\/\/davidsonhearingaids.com\/fr\/nos-services\/gestion-du-cerumen\/\" \/>\n<meta property=\"og:site_name\" content=\"Davidson Hearing Aid Centres\" \/>\n<meta property=\"article:modified_time\" content=\"2021-05-31T17:21:50+00:00\" \/>\n<meta name=\"twitter:card\" content=\"summary_large_image\" \/>\n<meta name=\"twitter:label1\" content=\"Dur\u00e9e de lecture estim\u00e9e\" \/>\n\t<meta name=\"twitter:data1\" content=\"5 minutes\" \/>\n<script type=\"application\/ld+json\" class=\"yoast-schema-graph\">{\"@context\":\"https:\\\/\\\/schema.org\",\"@graph\":[{\"@type\":\"WebPage\",\"@id\":\"https:\\\/\\\/davidsonhearingaids.com\\\/fr\\\/nos-services\\\/gestion-du-cerumen\\\/\",\"url\":\"https:\\\/\\\/davidsonhearingaids.com\\\/fr\\\/nos-services\\\/gestion-du-cerumen\\\/\",\"name\":\"\u00c9limination du c\u00e9rumen - Davidson Hearing Aid Centres\",\"isPartOf\":{\"@id\":\"https:\\\/\\\/davidsonhearingaids.com\\\/#website\"},\"datePublished\":\"2014-12-12T20:52:10+00:00\",\"dateModified\":\"2021-05-31T17:21:50+00:00\",\"breadcrumb\":{\"@id\":\"https:\\\/\\\/davidsonhearingaids.com\\\/fr\\\/nos-services\\\/gestion-du-cerumen\\\/#breadcrumb\"},\"inLanguage\":\"fr-FR\",\"potentialAction\":[{\"@type\":\"ReadAction\",\"target\":[\"https:\\\/\\\/davidsonhearingaids.com\\\/fr\\\/nos-services\\\/gestion-du-cerumen\\\/\"]}]},{\"@type\":\"BreadcrumbList\",\"@id\":\"https:\\\/\\\/davidsonhearingaids.com\\\/fr\\\/nos-services\\\/gestion-du-cerumen\\\/#breadcrumb\",\"itemListElement\":[{\"@type\":\"ListItem\",\"position\":1,\"name\":\"Home\",\"item\":\"https:\\\/\\\/davidsonhearingaids.com\\\/fr\\\/\"},{\"@type\":\"ListItem\",\"position\":2,\"name\":\"Services\",\"item\":\"https:\\\/\\\/davidsonhearingaids.com\\\/services\\\/\"},{\"@type\":\"ListItem\",\"position\":3,\"name\":\"\u00c9limination du c\u00e9rumen\"}]},{\"@type\":\"WebSite\",\"@id\":\"https:\\\/\\\/davidsonhearingaids.com\\\/#website\",\"url\":\"https:\\\/\\\/davidsonhearingaids.com\\\/\",\"name\":\"Davidson Hearing Aid Centres\",\"description\":\"Hearing Aid Ottawa\",\"potentialAction\":[{\"@type\":\"SearchAction\",\"target\":{\"@type\":\"EntryPoint\",\"urlTemplate\":\"https:\\\/\\\/davidsonhearingaids.com\\\/?s={search_term_string}\"},\"query-input\":{\"@type\":\"PropertyValueSpecification\",\"valueRequired\":true,\"valueName\":\"search_term_string\"}}],\"inLanguage\":\"fr-FR\"}]}<\/script>\n<!-- \/ Yoast SEO plugin. -->","yoast_head_json":{"title":"\u00c9limination du c\u00e9rumen - Davidson Hearing Aid Centres","robots":{"index":"index","follow":"follow","max-snippet":"max-snippet:-1","max-image-preview":"max-image-preview:large","max-video-preview":"max-video-preview:-1"},"canonical":"https:\/\/davidsonhearingaids.com\/fr\/nos-services\/gestion-du-cerumen\/","og_locale":"fr_FR","og_type":"article","og_title":"\u00c9limination du c\u00e9rumen - Davidson Hearing Aid Centres","og_description":"Nos services Tests auditifs Choix d\u2019appareil auditif V\u00e9rification et validation Nettoyage et v\u00e9rification aux 6 mois R\u00e9paration des appareils auditifs Les acouph\u00e8nes \u00c9limination du c\u00e9rum Appels \u00e0 domicile \u00c9limination du c\u00e9rumen &nbsp; Bien que la production de c\u00e9rumen (cire d\u2019oreille) soit naturelle, les utilisateurs d\u2019appareils auditifs sont beaucoup plus susceptibles que d\u2019autres \u00e0 l\u2019accumulation de [&hellip;]","og_url":"https:\/\/davidsonhearingaids.com\/fr\/nos-services\/gestion-du-cerumen\/","og_site_name":"Davidson Hearing Aid Centres","article_modified_time":"2021-05-31T17:21:50+00:00","twitter_card":"summary_large_image","twitter_misc":{"Dur\u00e9e de lecture estim\u00e9e":"5 minutes"},"schema":{"@context":"https:\/\/schema.org","@graph":[{"@type":"WebPage","@id":"https:\/\/davidsonhearingaids.com\/fr\/nos-services\/gestion-du-cerumen\/","url":"https:\/\/davidsonhearingaids.com\/fr\/nos-services\/gestion-du-cerumen\/","name":"\u00c9limination du c\u00e9rumen - Davidson Hearing Aid Centres","isPartOf":{"@id":"https:\/\/davidsonhearingaids.com\/#website"},"datePublished":"2014-12-12T20:52:10+00:00","dateModified":"2021-05-31T17:21:50+00:00","breadcrumb":{"@id":"https:\/\/davidsonhearingaids.com\/fr\/nos-services\/gestion-du-cerumen\/#breadcrumb"},"inLanguage":"fr-FR","potentialAction":[{"@type":"ReadAction","target":["https:\/\/davidsonhearingaids.com\/fr\/nos-services\/gestion-du-cerumen\/"]}]},{"@type":"BreadcrumbList","@id":"https:\/\/davidsonhearingaids.com\/fr\/nos-services\/gestion-du-cerumen\/#breadcrumb","itemListElement":[{"@type":"ListItem","position":1,"name":"Home","item":"https:\/\/davidsonhearingaids.com\/fr\/"},{"@type":"ListItem","position":2,"name":"Services","item":"https:\/\/davidsonhearingaids.com\/services\/"},{"@type":"ListItem","position":3,"name":"\u00c9limination du c\u00e9rumen"}]},{"@type":"WebSite","@id":"https:\/\/davidsonhearingaids.com\/#website","url":"https:\/\/davidsonhearingaids.com\/","name":"Davidson Hearing Aid Centres","description":"Hearing Aid Ottawa","potentialAction":[{"@type":"SearchAction","target":{"@type":"EntryPoint","urlTemplate":"https:\/\/davidsonhearingaids.com\/?s={search_term_string}"},"query-input":{"@type":"PropertyValueSpecification","valueRequired":true,"valueName":"search_term_string"}}],"inLanguage":"fr-FR"}]}},"featured_image_src":null,"featured_image_src_square":null,"_links":{"self":[{"href":"https:\/\/davidsonhearingaids.com\/fr\/wp-json\/wp\/v2\/pages\/672","targetHints":{"allow":["GET"]}}],"collection":[{"href":"https:\/\/davidsonhearingaids.com\/fr\/wp-json\/wp\/v2\/pages"}],"about":[{"href":"https:\/\/davidsonhearingaids.com\/fr\/wp-json\/wp\/v2\/types\/page"}],"author":[{"embeddable":true,"href":"https:\/\/davidsonhearingaids.com\/fr\/wp-json\/wp\/v2\/users\/1"}],"replies":[{"embeddable":true,"href":"https:\/\/davidsonhearingaids.com\/fr\/wp-json\/wp\/v2\/comments?post=672"}],"version-history":[{"count":0,"href":"https:\/\/davidsonhearingaids.com\/fr\/wp-json\/wp\/v2\/pages\/672\/revisions"}],"up":[{"embeddable":true,"href":"https:\/\/davidsonhearingaids.com\/fr\/wp-json\/wp\/v2\/pages\/808"}],"wp:attachment":[{"href":"https:\/\/davidsonhearingaids.com\/fr\/wp-json\/wp\/v2\/media?parent=672"}],"curies":[{"name":"wp","href":"https:\/\/api.w.org\/{rel}","templated":true}]}}