{"id":724,"date":"2014-12-16T15:06:23","date_gmt":"2014-12-16T15:06:23","guid":{"rendered":"http:\/\/390.d70.mwp.accessdomain.com\/?page_id=724"},"modified":"2021-05-27T15:43:25","modified_gmt":"2021-05-27T19:43:25","slug":"isabelle-adam","status":"publish","type":"page","link":"https:\/\/davidsonhearingaids.com\/fr\/la-difference-chez-davidson\/staff-bios\/isabelle-adam\/","title":{"rendered":"Isabelle Adam"},"content":{"rendered":"<p>[et_pb_section fb_built=\u00a0\u00bb1&Prime; admin_label=\u00a0\u00bbHero\u00a0\u00bb _builder_version=\u00a0\u00bb4.9.4&Prime; custom_padding=\u00a0\u00bb0px|0px|0px|0px\u00a0\u00bb animation_style=\u00a0\u00bbzoom\u00a0\u00bb animation_intensity_zoom=\u00a0\u00bb4%\u00a0\u00bb locked=\u00a0\u00bboff\u00a0\u00bb][et_pb_row column_structure=\u00a0\u00bb2_3,1_3&Prime; use_custom_gutter=\u00a0\u00bbon\u00a0\u00bb gutter_width=\u00a0\u00bb1&Prime; make_equal=\u00a0\u00bbon\u00a0\u00bb module_class=\u00a0\u00bb et_pb_row_fullwidth\u00a0\u00bb _builder_version=\u00a0\u00bb4.9.4&Prime; background_color=\u00a0\u00bbrgba(240,240,240,0.34)\u00a0\u00bb background_image=\u00a0\u00bbhttps:\/\/davidsonhearingaids.com\/wp-content\/uploads\/2021\/05\/circle-background-pattern.png\u00a0\u00bb background_position=\u00a0\u00bbcenter_left\u00a0\u00bb background_repeat=\u00a0\u00bbrepeat\u00a0\u00bb width=\u00a0\u00bb100%\u00a0\u00bb width_tablet=\u00a0\u00bb100%\u00a0\u00bb width_phone=\u00a0\u00bb\u00a0\u00bb width_last_edited=\u00a0\u00bbon|desktop\u00a0\u00bb max_width=\u00a0\u00bb100%\u00a0\u00bb max_width_tablet=\u00a0\u00bb100%\u00a0\u00bb max_width_phone=\u00a0\u00bb\u00a0\u00bb max_width_last_edited=\u00a0\u00bbon|desktop\u00a0\u00bb custom_padding=\u00a0\u00bb0px||0px|\u00a0\u00bb animation_style=\u00a0\u00bbslide\u00a0\u00bb animation_direction=\u00a0\u00bbtop\u00a0\u00bb animation_intensity_slide=\u00a0\u00bb3%\u00a0\u00bb make_fullwidth=\u00a0\u00bbon\u00a0\u00bb][et_pb_column type=\u00a0\u00bb2_3&Prime; _builder_version=\u00a0\u00bb4.9.4&Prime; background_image=\u00a0\u00bbhttps:\/\/davidsonhearingaids.com\/wp-content\/uploads\/2021\/05\/Isabelle-2.jpg\u00a0\u00bb background_position=\u00a0\u00bbcenter_left\u00a0\u00bb custom_padding=\u00a0\u00bb100px||100px||true|false\u00a0\u00bb custom_padding_tablet=\u00a0\u00bb\u00a0\u00bb custom_padding_phone=\u00a0\u00bb\u00a0\u00bb custom_padding_last_edited=\u00a0\u00bbon|phone\u00a0\u00bb custom_padding__hover=\u00a0\u00bb|||\u00a0\u00bb][et_pb_image src=\u00a0\u00bbhttps:\/\/davidsonhearingaids.com\/wp-content\/uploads\/2021\/05\/isabelle-1.png\u00a0\u00bb title_text=\u00a0\u00bbisabelle\u00a0\u00bb _builder_version=\u00a0\u00bb4.9.4&Prime; _module_preset=\u00a0\u00bbdefault\u00a0\u00bb][\/et_pb_image][\/et_pb_column][et_pb_column type=\u00a0\u00bb1_3&Prime; _builder_version=\u00a0\u00bb4.9.4&Prime; background_enable_color=\u00a0\u00bboff\u00a0\u00bb background_image=\u00a0\u00bbhttps:\/\/davidsonhearingaids.com\/wp-content\/uploads\/2017\/12\/Header_beyondZ.jpg\u00a0\u00bb custom_padding=\u00a0\u00bb3%|14%|3%|3%|true|false\u00a0\u00bb custom_padding__hover=\u00a0\u00bb|||\u00a0\u00bb][et_pb_text content_tablet=\u00a0\u00bb<\/p>\n<h2>About Us<\/h2>\n<p>\u00a0\u00bb content_phone=\u00a0\u00bb\u00a0\u00bb content_last_edited=\u00a0\u00bbon|tablet\u00a0\u00bb _builder_version=\u00a0\u00bb4.9.4&Prime; _module_preset=\u00a0\u00bbdefault\u00a0\u00bb text_text_color=\u00a0\u00bb#14374E\u00a0\u00bb link_text_color=\u00a0\u00bb#2991d6&Prime; ul_text_color=\u00a0\u00bb#14374E\u00a0\u00bb ol_text_color=\u00a0\u00bb#14374E\u00a0\u00bb header_text_color=\u00a0\u00bb#2991d6&Prime; header_line_height=\u00a0\u00bb1.3em\u00a0\u00bb header_2_text_color=\u00a0\u00bb#ffffff\u00a0\u00bb header_2_font_size=\u00a0\u00bb32px\u00a0\u00bb header_2_line_height=\u00a0\u00bb1.3em\u00a0\u00bb header_3_text_color=\u00a0\u00bb#2991d6&Prime; header_3_line_height=\u00a0\u00bb1.3em\u00a0\u00bb header_4_text_color=\u00a0\u00bb#878787&Prime; header_4_font_size=\u00a0\u00bb25px\u00a0\u00bb header_4_line_height=\u00a0\u00bb1.3em\u00a0\u00bb header_5_font_size=\u00a0\u00bb20px\u00a0\u00bb header_5_line_height=\u00a0\u00bb1.3em\u00a0\u00bb header_6_font_size=\u00a0\u00bb20px\u00a0\u00bb link_text_color__hover=\u00a0\u00bb#2991D6&Prime; link_text_color__hover_enabled=\u00a0\u00bbon|desktop\u00a0\u00bb header_5_line_height__hover_enabled=\u00a0\u00bbon|desktop\u00a0\u00bb]<\/p>\n<h2>\u00c0 propos de nous<\/h2>\n<p>[\/et_pb_text][et_pb_text ul_type=\u00a0\u00bbdisc\u00a0\u00bb _builder_version=\u00a0\u00bb4.9.4&Prime; _module_preset=\u00a0\u00bbdefault\u00a0\u00bb ul_text_color=\u00a0\u00bb#878787&Prime; link_text_color__hover=\u00a0\u00bb#2991D6&Prime; link_text_color__hover_enabled=\u00a0\u00bbon|desktop\u00a0\u00bb header_5_line_height__hover_enabled=\u00a0\u00bbon|desktop\u00a0\u00bb]<\/p>\n<div class=\"wpb_widgetised_column wpb_content_element\" wfd-id=\"104\">\n<div class=\"wpb_wrapper\" wfd-id=\"105\">\n<div class=\"textwidget\" wfd-id=\"106\">\n<ul wfd-id=\"107\">\n<li wfd-id=\"111\"><strong><a href=\"https:\/\/davidsonhearingaids.com\/fr\/la-difference-chez-davidson\/\">Histoire<\/a><\/strong><\/li>\n<li wfd-id=\"110\"><strong><a href=\"https:\/\/davidsonhearingaids.com\/fr\/la-difference-chez-davidson\/staff-bios\/\">Biographies<\/a><\/strong><\/li>\n<li wfd-id=\"109\"><strong><a href=\"https:\/\/davidsonhearingaids.com\/fr\/cliniques\/\">Cliniques<\/a><\/strong><\/li>\n<li wfd-id=\"108\"><strong><a href=\"https:\/\/davidsonhearingaids.com\/fr\/coordonnees\/\">Coordon\u00e9es<\/a><\/strong><\/li>\n<\/ul>\n<\/div>\n<\/div>\n<\/div>\n<p>[\/et_pb_text][et_pb_button button_url=\u00a0\u00bbhttps:\/\/davidsonhearingaids.com\/fr\/\u00a0\u00bb button_text=\u00a0\u00bb Page d&rsquo;accueil\u00a0\u00bb _builder_version=\u00a0\u00bb4.9.4&Prime; _module_preset=\u00a0\u00bbd80bd8c0-331c-4bba-8580-e2818bec5ca1&Prime; button_use_icon=\u00a0\u00bbon\u00a0\u00bb button_icon=\u00a0\u00bb%%41%%\u00a0\u00bb button_icon_color=\u00a0\u00bb#ffffff\u00a0\u00bb button_icon_placement=\u00a0\u00bbleft\u00a0\u00bb button_on_hover=\u00a0\u00bboff\u00a0\u00bb button_bg_color__hover=\u00a0\u00bb#045a93&Prime; button_bg_color__hover_enabled=\u00a0\u00bbon|desktop\u00a0\u00bb button_border_color__hover=\u00a0\u00bbrgba(95,26,109,0.8)\u00a0\u00bb button_border_color__hover_enabled=\u00a0\u00bbon|hover\u00a0\u00bb][\/et_pb_button][\/et_pb_column][\/et_pb_row][\/et_pb_section][et_pb_section fb_built=\u00a0\u00bb1&Prime; custom_padding_last_edited=\u00a0\u00bbon|phone\u00a0\u00bb _builder_version=\u00a0\u00bb4.9.4&Prime; _module_preset=\u00a0\u00bbdefault\u00a0\u00bb custom_padding=\u00a0\u00bb80px||80px||true|false\u00a0\u00bb custom_padding_tablet=\u00a0\u00bb50px||50px||true|false\u00a0\u00bb custom_padding_phone=\u00a0\u00bb20px||20px||true|false\u00a0\u00bb locked=\u00a0\u00bboff\u00a0\u00bb][et_pb_row column_structure=\u00a0\u00bb1_4,3_4&Prime; custom_padding_last_edited=\u00a0\u00bbon|phone\u00a0\u00bb _builder_version=\u00a0\u00bb4.9.4&Prime; _module_preset=\u00a0\u00bbdefault\u00a0\u00bb custom_margin_tablet=\u00a0\u00bb||||false|false\u00a0\u00bb custom_margin_phone=\u00a0\u00bb\u00a0\u00bb custom_margin_last_edited=\u00a0\u00bbon|desktop\u00a0\u00bb custom_padding=\u00a0\u00bb||||false|false\u00a0\u00bb custom_padding_tablet=\u00a0\u00bb\u00a0\u00bb custom_padding_phone=\u00a0\u00bb\u00a0\u00bb][et_pb_column type=\u00a0\u00bb1_4&Prime; _builder_version=\u00a0\u00bb4.9.4&Prime; _module_preset=\u00a0\u00bbdefault\u00a0\u00bb][et_pb_image src=\u00a0\u00bbhttps:\/\/davidsonhearingaids.com\/wp-content\/uploads\/2021\/05\/Isabelle1.jpg\u00a0\u00bb title_text=\u00a0\u00bbIsabelle1&Prime; align=\u00a0\u00bbcenter\u00a0\u00bb force_fullwidth=\u00a0\u00bbon\u00a0\u00bb _builder_version=\u00a0\u00bb4.9.4&Prime; _module_preset=\u00a0\u00bbdefault\u00a0\u00bb][\/et_pb_image][\/et_pb_column][et_pb_column type=\u00a0\u00bb3_4&Prime; _builder_version=\u00a0\u00bb4.9.4&Prime; _module_preset=\u00a0\u00bbdefault\u00a0\u00bb][et_pb_text _builder_version=\u00a0\u00bb4.9.4&Prime; _module_preset=\u00a0\u00bbdefault\u00a0\u00bb link_text_color__hover=\u00a0\u00bb#2991D6&Prime; link_text_color__hover_enabled=\u00a0\u00bbon|desktop\u00a0\u00bb header_5_line_height__hover_enabled=\u00a0\u00bbon|desktop\u00a0\u00bb]<\/p>\n<h2>Isabelle Adam<\/h2>\n<h6>Audiologiste<\/h6>\n<p>[\/et_pb_text][et_pb_text _builder_version=\u00a0\u00bb4.9.4&Prime; _module_preset=\u00a0\u00bbdefault\u00a0\u00bb custom_padding=\u00a0\u00bb||20px||false|false\u00a0\u00bb link_text_color__hover=\u00a0\u00bb#2991D6&Prime; link_text_color__hover_enabled=\u00a0\u00bbon|desktop\u00a0\u00bb header_5_line_height__hover_enabled=\u00a0\u00bbon|desktop\u00a0\u00bb]<\/p>\n<p>Originaire de St-Albert, Ontario, Isabelle a compl\u00e9t\u00e9 ses \u00e9tudes de premier cycle en psychologie et en linguistique \u00e0 l\u2019Universit\u00e9 d\u2019Ottawa. En 2008, elle a obtenu sa Ma\u00eetrise en sciences de la sant\u00e9 avec sp\u00e9cialisation en audiologie. Maintenant, elle pratique en tant qu\u2019audiologiste dans la r\u00e9gion d\u2019Ottawa. Elle offre maintenant des services bilingues (fran\u00e7ais et anglais) dans notre clinique \u00e0 l\u2019est d\u2019Ottawa.<\/p>\n<p>[\/et_pb_text][et_pb_image src=\u00a0\u00bbhttps:\/\/davidsonhearingaids.com\/wp-content\/uploads\/2021\/05\/Bio-Logos-fr-aud-fem-3.png\u00a0\u00bb title_text=\u00a0\u00bbBio-Logos-fr-aud-fem\u00a0\u00bb _builder_version=\u00a0\u00bb4.9.4&Prime; _module_preset=\u00a0\u00bbdefault\u00a0\u00bb][\/et_pb_image][et_pb_text _builder_version=\u00a0\u00bb4.9.4&Prime; _module_preset=\u00a0\u00bbdefault\u00a0\u00bb hover_enabled=\u00a0\u00bb0&Prime; link_text_color__hover=\u00a0\u00bb#2991D6&Prime; link_text_color__hover_enabled=\u00a0\u00bbon|desktop\u00a0\u00bb header_5_line_height__hover_enabled=\u00a0\u00bbon|desktop\u00a0\u00bb sticky_enabled=\u00a0\u00bb0&Prime;]<\/p>\n<p>coordon\u00e9es: <a href=\"mailto:isabelle@davidsonhearingaids.com\" target=\"_blank\" rel=\"noopener\">isabelle@davidsonhearingaids.com<\/a><br \/>cliniques:\u00a0<a href=\"https:\/\/davidsonhearingaids.com\/fr\/cliniques\/est-ottawa\/\">Est d\u2019Ottawa<\/a><\/p>\n<p>[\/et_pb_text][\/et_pb_column][\/et_pb_row][et_pb_row column_structure=\u00a0\u00bb1_4,1_4,1_4,1_4&Prime; _builder_version=\u00a0\u00bb4.9.4&Prime; _module_preset=\u00a0\u00bbdefault\u00a0\u00bb locked=\u00a0\u00bboff\u00a0\u00bb][et_pb_column type=\u00a0\u00bb1_4&Prime; _builder_version=\u00a0\u00bb4.9.4&Prime; _module_preset=\u00a0\u00bbdefault\u00a0\u00bb][et_pb_blurb use_icon=\u00a0\u00bbon\u00a0\u00bb font_icon=\u00a0\u00bb%%23%%\u00a0\u00bb icon_placement=\u00a0\u00bbleft\u00a0\u00bb _builder_version=\u00a0\u00bb4.9.4&Prime; _module_preset=\u00a0\u00bbdefault\u00a0\u00bb header_text_color=\u00a0\u00bb#2991D6&Prime; body_line_height=\u00a0\u00bb1.8em\u00a0\u00bb custom_padding=\u00a0\u00bb|14px||14px|false|true\u00a0\u00bb link_option_url=\u00a0\u00bbhttps:\/\/davidsonhearingaids.com\/fr\/la-difference-chez-davidson\/staff-bios\/francine-larochelle\/\u00a0\u00bb hover_enabled=\u00a0\u00bb0&Prime; header_text_color_last_edited=\u00a0\u00bboff|desktop\u00a0\u00bb header_text_color__hover_enabled=\u00a0\u00bbon|desktop\u00a0\u00bb body_text_color__hover_enabled=\u00a0\u00bbon|desktop\u00a0\u00bb body_text_color__hover=\u00a0\u00bb#2991D6&Prime; sticky_enabled=\u00a0\u00bb0&Prime;]<\/p>\n<p>Pr\u00e9cedent<\/p>\n<p>[\/et_pb_blurb][\/et_pb_column][et_pb_column type=\u00a0\u00bb1_4&Prime; _builder_version=\u00a0\u00bb4.9.4&Prime; _module_preset=\u00a0\u00bbdefault\u00a0\u00bb][\/et_pb_column][et_pb_column type=\u00a0\u00bb1_4&Prime; _builder_version=\u00a0\u00bb4.9.4&Prime; _module_preset=\u00a0\u00bbdefault\u00a0\u00bb][\/et_pb_column][et_pb_column type=\u00a0\u00bb1_4&Prime; _builder_version=\u00a0\u00bb4.9.4&Prime; _module_preset=\u00a0\u00bbdefault\u00a0\u00bb][et_pb_blurb use_icon=\u00a0\u00bbon\u00a0\u00bb font_icon=\u00a0\u00bb%%24%%\u00a0\u00bb icon_placement=\u00a0\u00bbleft\u00a0\u00bb _builder_version=\u00a0\u00bb4.9.4&Prime; _module_preset=\u00a0\u00bbdefault\u00a0\u00bb header_text_color=\u00a0\u00bb#2991D6&Prime; body_line_height=\u00a0\u00bb1.8em\u00a0\u00bb custom_padding=\u00a0\u00bb|14px||14px|false|true\u00a0\u00bb link_option_url=\u00a0\u00bbhttps:\/\/davidsonhearingaids.com\/fr\/la-difference-chez-davidson\/staff-bios\/julie-levionnois\/\u00a0\u00bb header_text_color_last_edited=\u00a0\u00bboff|desktop\u00a0\u00bb header_text_color__hover_enabled=\u00a0\u00bbon|desktop\u00a0\u00bb body_text_color__hover_enabled=\u00a0\u00bbon|desktop\u00a0\u00bb body_text_color__hover=\u00a0\u00bb#2991D6&Prime;]<\/p>\n<p>Suivant<\/p>\n<p>[\/et_pb_blurb][\/et_pb_column][\/et_pb_row][\/et_pb_section]<\/p>\n","protected":false},"excerpt":{"rendered":"<p>\u00c0 propos de nous Histoire Biographies Cliniques Coordon\u00e9es Isabelle Adam AudiologisteOriginaire de St-Albert, Ontario, Isabelle a compl\u00e9t\u00e9 ses \u00e9tudes de premier cycle en psychologie et en linguistique \u00e0 l\u2019Universit\u00e9 d\u2019Ottawa. En 2008, elle a obtenu sa Ma\u00eetrise en sciences de la sant\u00e9 avec sp\u00e9cialisation en audiologie. Maintenant, elle pratique en tant qu\u2019audiologiste dans la r\u00e9gion [&hellip;]<\/p>\n","protected":false},"author":1,"featured_media":5627,"parent":737,"menu_order":7,"comment_status":"open","ping_status":"open","template":"","meta":{"_et_pb_use_builder":"on","_et_pb_old_content":"","_et_gb_content_width":"","footnotes":""},"class_list":["post-724","page","type-page","status-publish","has-post-thumbnail","hentry"],"yoast_head":"<!-- This site is optimized with the Yoast SEO plugin v27.3 - https:\/\/yoast.com\/product\/yoast-seo-wordpress\/ -->\n<title>Isabelle Adam - Davidson Hearing Aid Centres<\/title>\n<meta name=\"robots\" content=\"index, follow, max-snippet:-1, max-image-preview:large, max-video-preview:-1\" \/>\n<link rel=\"canonical\" href=\"https:\/\/davidsonhearingaids.com\/about-us\/staff-bios\/isabelle-adam\/\" \/>\n<meta property=\"og:locale\" content=\"fr_FR\" \/>\n<meta property=\"og:type\" content=\"article\" \/>\n<meta property=\"og:title\" content=\"Isabelle Adam - Davidson Hearing Aid Centres\" \/>\n<meta property=\"og:description\" content=\"\u00c0 propos de nous Histoire Biographies Cliniques Coordon\u00e9es Isabelle Adam AudiologisteOriginaire de St-Albert, Ontario, Isabelle a compl\u00e9t\u00e9 ses \u00e9tudes de premier cycle en psychologie et en linguistique \u00e0 l\u2019Universit\u00e9 d\u2019Ottawa. En 2008, elle a obtenu sa Ma\u00eetrise en sciences de la sant\u00e9 avec sp\u00e9cialisation en audiologie. Maintenant, elle pratique en tant qu\u2019audiologiste dans la r\u00e9gion [&hellip;]\" \/>\n<meta property=\"og:url\" content=\"https:\/\/davidsonhearingaids.com\/about-us\/staff-bios\/isabelle-adam\/\" \/>\n<meta property=\"og:site_name\" content=\"Davidson Hearing Aid Centres\" \/>\n<meta property=\"article:modified_time\" content=\"2021-05-27T19:43:25+00:00\" \/>\n<meta property=\"og:image\" content=\"https:\/\/davidsonhearingaids.com\/wp-content\/uploads\/2013\/12\/Isabelle-1.jpg\" \/>\n\t<meta property=\"og:image:width\" content=\"1535\" \/>\n\t<meta property=\"og:image:height\" content=\"600\" \/>\n\t<meta property=\"og:image:type\" content=\"image\/jpeg\" \/>\n<meta name=\"twitter:card\" content=\"summary_large_image\" \/>\n<meta name=\"twitter:label1\" content=\"Dur\u00e9e de lecture estim\u00e9e\" \/>\n\t<meta name=\"twitter:data1\" content=\"5 minutes\" \/>\n<script type=\"application\/ld+json\" class=\"yoast-schema-graph\">{\"@context\":\"https:\\\/\\\/schema.org\",\"@graph\":[{\"@type\":\"WebPage\",\"@id\":\"https:\\\/\\\/davidsonhearingaids.com\\\/about-us\\\/staff-bios\\\/isabelle-adam\\\/\",\"url\":\"https:\\\/\\\/davidsonhearingaids.com\\\/about-us\\\/staff-bios\\\/isabelle-adam\\\/\",\"name\":\"Isabelle Adam - Davidson Hearing Aid Centres\",\"isPartOf\":{\"@id\":\"https:\\\/\\\/davidsonhearingaids.com\\\/#website\"},\"primaryImageOfPage\":{\"@id\":\"https:\\\/\\\/davidsonhearingaids.com\\\/about-us\\\/staff-bios\\\/isabelle-adam\\\/#primaryimage\"},\"image\":{\"@id\":\"https:\\\/\\\/davidsonhearingaids.com\\\/about-us\\\/staff-bios\\\/isabelle-adam\\\/#primaryimage\"},\"thumbnailUrl\":\"https:\\\/\\\/davidsonhearingaids.com\\\/wp-content\\\/uploads\\\/2013\\\/12\\\/Isabelle-1.jpg\",\"datePublished\":\"2014-12-16T15:06:23+00:00\",\"dateModified\":\"2021-05-27T19:43:25+00:00\",\"breadcrumb\":{\"@id\":\"https:\\\/\\\/davidsonhearingaids.com\\\/about-us\\\/staff-bios\\\/isabelle-adam\\\/#breadcrumb\"},\"inLanguage\":\"fr-FR\",\"potentialAction\":[{\"@type\":\"ReadAction\",\"target\":[\"https:\\\/\\\/davidsonhearingaids.com\\\/about-us\\\/staff-bios\\\/isabelle-adam\\\/\"]}]},{\"@type\":\"ImageObject\",\"inLanguage\":\"fr-FR\",\"@id\":\"https:\\\/\\\/davidsonhearingaids.com\\\/about-us\\\/staff-bios\\\/isabelle-adam\\\/#primaryimage\",\"url\":\"https:\\\/\\\/davidsonhearingaids.com\\\/wp-content\\\/uploads\\\/2013\\\/12\\\/Isabelle-1.jpg\",\"contentUrl\":\"https:\\\/\\\/davidsonhearingaids.com\\\/wp-content\\\/uploads\\\/2013\\\/12\\\/Isabelle-1.jpg\",\"width\":1535,\"height\":600},{\"@type\":\"BreadcrumbList\",\"@id\":\"https:\\\/\\\/davidsonhearingaids.com\\\/about-us\\\/staff-bios\\\/isabelle-adam\\\/#breadcrumb\",\"itemListElement\":[{\"@type\":\"ListItem\",\"position\":1,\"name\":\"Home\",\"item\":\"https:\\\/\\\/davidsonhearingaids.com\\\/fr\\\/\"},{\"@type\":\"ListItem\",\"position\":2,\"name\":\"\u00c0 propos de nous\",\"item\":\"https:\\\/\\\/davidsonhearingaids.com\\\/about-us\\\/\"},{\"@type\":\"ListItem\",\"position\":3,\"name\":\"Staff Bios\",\"item\":\"https:\\\/\\\/davidsonhearingaids.com\\\/about-us\\\/staff-bios\\\/\"},{\"@type\":\"ListItem\",\"position\":4,\"name\":\"Isabelle Adam\"}]},{\"@type\":\"WebSite\",\"@id\":\"https:\\\/\\\/davidsonhearingaids.com\\\/#website\",\"url\":\"https:\\\/\\\/davidsonhearingaids.com\\\/\",\"name\":\"Davidson Hearing Aid Centres\",\"description\":\"Hearing Aid Ottawa\",\"potentialAction\":[{\"@type\":\"SearchAction\",\"target\":{\"@type\":\"EntryPoint\",\"urlTemplate\":\"https:\\\/\\\/davidsonhearingaids.com\\\/?s={search_term_string}\"},\"query-input\":{\"@type\":\"PropertyValueSpecification\",\"valueRequired\":true,\"valueName\":\"search_term_string\"}}],\"inLanguage\":\"fr-FR\"}]}<\/script>\n<!-- \/ Yoast SEO plugin. -->","yoast_head_json":{"title":"Isabelle Adam - Davidson Hearing Aid Centres","robots":{"index":"index","follow":"follow","max-snippet":"max-snippet:-1","max-image-preview":"max-image-preview:large","max-video-preview":"max-video-preview:-1"},"canonical":"https:\/\/davidsonhearingaids.com\/about-us\/staff-bios\/isabelle-adam\/","og_locale":"fr_FR","og_type":"article","og_title":"Isabelle Adam - Davidson Hearing Aid Centres","og_description":"\u00c0 propos de nous Histoire Biographies Cliniques Coordon\u00e9es Isabelle Adam AudiologisteOriginaire de St-Albert, Ontario, Isabelle a compl\u00e9t\u00e9 ses \u00e9tudes de premier cycle en psychologie et en linguistique \u00e0 l\u2019Universit\u00e9 d\u2019Ottawa. En 2008, elle a obtenu sa Ma\u00eetrise en sciences de la sant\u00e9 avec sp\u00e9cialisation en audiologie. Maintenant, elle pratique en tant qu\u2019audiologiste dans la r\u00e9gion [&hellip;]","og_url":"https:\/\/davidsonhearingaids.com\/about-us\/staff-bios\/isabelle-adam\/","og_site_name":"Davidson Hearing Aid Centres","article_modified_time":"2021-05-27T19:43:25+00:00","og_image":[{"width":1535,"height":600,"url":"https:\/\/davidsonhearingaids.com\/wp-content\/uploads\/2013\/12\/Isabelle-1.jpg","type":"image\/jpeg"}],"twitter_card":"summary_large_image","twitter_misc":{"Dur\u00e9e de lecture estim\u00e9e":"5 minutes"},"schema":{"@context":"https:\/\/schema.org","@graph":[{"@type":"WebPage","@id":"https:\/\/davidsonhearingaids.com\/about-us\/staff-bios\/isabelle-adam\/","url":"https:\/\/davidsonhearingaids.com\/about-us\/staff-bios\/isabelle-adam\/","name":"Isabelle Adam - Davidson Hearing Aid Centres","isPartOf":{"@id":"https:\/\/davidsonhearingaids.com\/#website"},"primaryImageOfPage":{"@id":"https:\/\/davidsonhearingaids.com\/about-us\/staff-bios\/isabelle-adam\/#primaryimage"},"image":{"@id":"https:\/\/davidsonhearingaids.com\/about-us\/staff-bios\/isabelle-adam\/#primaryimage"},"thumbnailUrl":"https:\/\/davidsonhearingaids.com\/wp-content\/uploads\/2013\/12\/Isabelle-1.jpg","datePublished":"2014-12-16T15:06:23+00:00","dateModified":"2021-05-27T19:43:25+00:00","breadcrumb":{"@id":"https:\/\/davidsonhearingaids.com\/about-us\/staff-bios\/isabelle-adam\/#breadcrumb"},"inLanguage":"fr-FR","potentialAction":[{"@type":"ReadAction","target":["https:\/\/davidsonhearingaids.com\/about-us\/staff-bios\/isabelle-adam\/"]}]},{"@type":"ImageObject","inLanguage":"fr-FR","@id":"https:\/\/davidsonhearingaids.com\/about-us\/staff-bios\/isabelle-adam\/#primaryimage","url":"https:\/\/davidsonhearingaids.com\/wp-content\/uploads\/2013\/12\/Isabelle-1.jpg","contentUrl":"https:\/\/davidsonhearingaids.com\/wp-content\/uploads\/2013\/12\/Isabelle-1.jpg","width":1535,"height":600},{"@type":"BreadcrumbList","@id":"https:\/\/davidsonhearingaids.com\/about-us\/staff-bios\/isabelle-adam\/#breadcrumb","itemListElement":[{"@type":"ListItem","position":1,"name":"Home","item":"https:\/\/davidsonhearingaids.com\/fr\/"},{"@type":"ListItem","position":2,"name":"\u00c0 propos de nous","item":"https:\/\/davidsonhearingaids.com\/about-us\/"},{"@type":"ListItem","position":3,"name":"Staff Bios","item":"https:\/\/davidsonhearingaids.com\/about-us\/staff-bios\/"},{"@type":"ListItem","position":4,"name":"Isabelle Adam"}]},{"@type":"WebSite","@id":"https:\/\/davidsonhearingaids.com\/#website","url":"https:\/\/davidsonhearingaids.com\/","name":"Davidson Hearing Aid Centres","description":"Hearing Aid Ottawa","potentialAction":[{"@type":"SearchAction","target":{"@type":"EntryPoint","urlTemplate":"https:\/\/davidsonhearingaids.com\/?s={search_term_string}"},"query-input":{"@type":"PropertyValueSpecification","valueRequired":true,"valueName":"search_term_string"}}],"inLanguage":"fr-FR"}]}},"featured_image_src":"https:\/\/davidsonhearingaids.com\/wp-content\/uploads\/2013\/12\/Isabelle-1.jpg","featured_image_src_square":"https:\/\/davidsonhearingaids.com\/wp-content\/uploads\/2013\/12\/Isabelle-1.jpg","_links":{"self":[{"href":"https:\/\/davidsonhearingaids.com\/fr\/wp-json\/wp\/v2\/pages\/724","targetHints":{"allow":["GET"]}}],"collection":[{"href":"https:\/\/davidsonhearingaids.com\/fr\/wp-json\/wp\/v2\/pages"}],"about":[{"href":"https:\/\/davidsonhearingaids.com\/fr\/wp-json\/wp\/v2\/types\/page"}],"author":[{"embeddable":true,"href":"https:\/\/davidsonhearingaids.com\/fr\/wp-json\/wp\/v2\/users\/1"}],"replies":[{"embeddable":true,"href":"https:\/\/davidsonhearingaids.com\/fr\/wp-json\/wp\/v2\/comments?post=724"}],"version-history":[{"count":0,"href":"https:\/\/davidsonhearingaids.com\/fr\/wp-json\/wp\/v2\/pages\/724\/revisions"}],"up":[{"embeddable":true,"href":"https:\/\/davidsonhearingaids.com\/fr\/wp-json\/wp\/v2\/pages\/737"}],"wp:featuredmedia":[{"embeddable":true,"href":"https:\/\/davidsonhearingaids.com\/fr\/wp-json\/wp\/v2\/media\/5627"}],"wp:attachment":[{"href":"https:\/\/davidsonhearingaids.com\/fr\/wp-json\/wp\/v2\/media?parent=724"}],"curies":[{"name":"wp","href":"https:\/\/api.w.org\/{rel}","templated":true}]}}