{"id":751,"date":"2014-12-16T16:27:03","date_gmt":"2014-12-16T16:27:03","guid":{"rendered":"http:\/\/390.d70.mwp.accessdomain.com\/?page_id=751"},"modified":"2021-05-31T17:26:28","modified_gmt":"2021-05-31T21:26:28","slug":"financement","status":"publish","type":"page","link":"https:\/\/davidsonhearingaids.com\/fr\/financement\/","title":{"rendered":"Financement"},"content":{"rendered":"<p>[et_pb_section fb_built=\u00a0\u00bb1&Prime; _builder_version=\u00a0\u00bb4.9.4&Prime; _module_preset=\u00a0\u00bbdefault\u00a0\u00bb title_text=\u00a0\u00bbspecial-moments10&Prime; background_image=\u00a0\u00bbhttps:\/\/davidsonhearingaids.com\/wp-content\/uploads\/2021\/05\/special-moments10.jpg\u00a0\u00bb hover_enabled=\u00a0\u00bb0&Prime; sticky_enabled=\u00a0\u00bb0&Prime; parallax=\u00a0\u00bbon\u00a0\u00bb][et_pb_row _builder_version=\u00a0\u00bb4.9.4&Prime; _module_preset=\u00a0\u00bbdefault\u00a0\u00bb hover_enabled=\u00a0\u00bb0&Prime; sticky_enabled=\u00a0\u00bb0&Prime;][et_pb_column _builder_version=\u00a0\u00bb4.9.4&Prime; _module_preset=\u00a0\u00bbdefault\u00a0\u00bb type=\u00a0\u00bb4_4&Prime;][et_pb_text _builder_version=\u00a0\u00bb4.9.4&Prime; _module_preset=\u00a0\u00bbdefault\u00a0\u00bb header_text_color=\u00a0\u00bb#ffffff\u00a0\u00bb header_font_size=\u00a0\u00bb65px\u00a0\u00bb custom_margin=\u00a0\u00bb420px||-60px||false|false\u00a0\u00bb custom_margin_last_edited=\u00a0\u00bbon|phone\u00a0\u00bb hover_enabled=\u00a0\u00bb0&Prime; sticky_enabled=\u00a0\u00bb0&Prime; custom_margin_tablet=\u00a0\u00bb340px||||false|false\u00a0\u00bb header_font_size_last_edited=\u00a0\u00bbon|phone\u00a0\u00bb header_font_size_phone=\u00a0\u00bb45px\u00a0\u00bb]<\/p>\n<h1>Financement<\/h1>\n<p>[\/et_pb_text][\/et_pb_column][\/et_pb_row][\/et_pb_section][et_pb_section fb_built=\u00a0\u00bb1&Prime; _builder_version=\u00a0\u00bb4.9.4&Prime; _module_preset=\u00a0\u00bbdefault\u00a0\u00bb][et_pb_row _builder_version=\u00a0\u00bb4.9.4&Prime; _module_preset=\u00a0\u00bbdefault\u00a0\u00bb][et_pb_column _builder_version=\u00a0\u00bb4.9.4&Prime; _module_preset=\u00a0\u00bbdefault\u00a0\u00bb type=\u00a0\u00bb4_4&Prime;][et_pb_text _builder_version=\u00a0\u00bb4.9.4&Prime; _module_preset=\u00a0\u00bbdefault\u00a0\u00bb hover_enabled=\u00a0\u00bb0&Prime; sticky_enabled=\u00a0\u00bb0&Prime;]<\/p>\n<p><span>Chez Davidson, notre mandat est de vous aider au travers chaque \u00e9tape du processus de s\u00e9lection d\u2019appareils auditifs. Ainsi, nous travaillons avec plusieurs agences de financement du gourvernement qui peuvent aider \u00e0 subventionner le co\u00fbt de vos appareils. De plus, le Programme d\u2019enfance a \u00e9t\u00e9 cr\u00e9\u00e9 pour assister les familles d\u2019enfants malentendants puisqu\u2019une bonne audition est tr\u00e8s importante pour l\u2019apprentissage et la socialization des enfants au cours de leur d\u00e9veloppement.<\/span><\/p>\n<p>[\/et_pb_text][et_pb_text _builder_version=\u00a0\u00bb4.9.4&Prime; _module_preset=\u00a0\u00bbdefault\u00a0\u00bb hover_enabled=\u00a0\u00bb0&Prime; sticky_enabled=\u00a0\u00bb0&Prime;]<\/p>\n<h3 class=\"title\">Financement disponible<\/h3>\n<p>[\/et_pb_text][et_pb_accordion _builder_version=\u00a0\u00bb4.9.4&Prime; _module_preset=\u00a0\u00bbdefault\u00a0\u00bb toggle_font=\u00a0\u00bb||||||||\u00a0\u00bb hover_enabled=\u00a0\u00bb0&Prime; sticky_enabled=\u00a0\u00bb0&Prime;][et_pb_accordion_item title=\u00a0\u00bbLocation d\u2019appareils auditifs\u00a0\u00bb _builder_version=\u00a0\u00bb4.9.4&Prime; _module_preset=\u00a0\u00bbdefault\u00a0\u00bb open=\u00a0\u00bbon\u00a0\u00bb hover_enabled=\u00a0\u00bb0&Prime; sticky_enabled=\u00a0\u00bb0&Prime;]<\/p>\n<p>Nous savons que la gestion des finances n\u2019est pas pareille pour tout le monde et ceci est une des raison que nous sommes fiers \u00e0 vous offrir une nouvelle approche financi\u00e8re pour votre sant\u00e9 auditive. Pour ceux et celles qui pr\u00e9f\u00e8rent organiser leurs d\u00e9penses \u00e0 chaque mois au lieu de faire un achat d\u2019appareils auditifs, notre programme exclusif de location d\u2019appareils auditifs peut vous offrir plusieurs avantages.<\/p>\n<p>Visitez la page\u00a0<a href=\"https:\/\/davidsonhearingaids.com\/?page_id=1339\">Location d\u2019appareils auditifs<\/a>\u00a0pour plus d\u2019information<\/p>\n<p>[\/et_pb_accordion_item][et_pb_accordion_item title=\u00a0\u00bbProgramme d\u2019appareils et accessoires fonctionnels\u00a0\u00bb _builder_version=\u00a0\u00bb4.9.4&Prime; _module_preset=\u00a0\u00bbdefault\u00a0\u00bb open=\u00a0\u00bboff\u00a0\u00bb hover_enabled=\u00a0\u00bb0&Prime; sticky_enabled=\u00a0\u00bb0&Prime;]<\/p>\n<p>Depuis le 12 d\u00e9cembre, 1988, le Programe d\u2019appareils et accessoires fonctionnels du Minist\u00e8re de la Sant\u00e9 du Gouvernement de l\u2019Ontario aide \u00e0 subventionner, en partie, le co\u00fbt des appareils auditifs pour tous les r\u00e9sidents de l\u2019Ontario qui en ont besoin. Au pr\u00e9sent, une subvention est accord\u00e9e envers l\u2019achat d\u2019un appareil auditif pour l\u2019oreille droite et pour l\u2019oreille gauche.<\/p>\n<p>Lors d\u2019un achat d\u2019appareils auditifs, nous avons tous les documents n\u00e9cessaires \u00e0 fournir au Programme d\u2019appareils et accessoires fonctionnels. Afin d\u2019\u00e9viter une p\u00e9riode d\u2019attente pour le remboursement, nous enlevons la subvention directement de votre facture et, une fois que tous les formulaires sont remplis, nous les soumettons pour vous directement au Minist\u00e8re de la Sant\u00e9.<\/p>\n<p>Si vos appareils auditifs d\u00e9passent trois ans, il se peut que vous qualifiez pour une nouvelle subvention du Programme d\u2019appareils et accessoires fonctionnels. Pour plus d\u2019information, s\u2019il-vous-pla\u00eet consultez le site internet du Minist\u00e8re de la Sant\u00e9 ou contactez nous pour venir compl\u00e9ter une \u00e9valuation audiologique ou une consultation.<\/p>\n<p><a href=\"http:\/\/www.health.gov.on.ca\/fr\/public\/programs\/adp\/default.aspx\">http:\/\/www.health.gov.on.ca\/fr\/public\/programs\/adp\/default.aspx<\/a><\/p>\n<p>[\/et_pb_accordion_item][et_pb_accordion_item title=\u00a0\u00bbProgramme Soutiens essentiels de sant\u00e9 et de services sociaux\u00a0\u00bb _builder_version=\u00a0\u00bb4.9.4&Prime; _module_preset=\u00a0\u00bbdefault\u00a0\u00bb open=\u00a0\u00bboff\u00a0\u00bb hover_enabled=\u00a0\u00bb0&Prime; sticky_enabled=\u00a0\u00bb0&Prime;]<\/p>\n<p>La ville d\u2019Ottawa fournit du support financier en plus du Programme d\u2019appareils et d\u2019accessoires fonctionnels pour ceux en besoin qui ne re\u00e7oivent pas d\u2019assistance sociale. Plus d\u2019information au sujet du programme ainsi qu\u2019un questionnaire d\u2019estimation du revenu de candidature peuvent \u00eatre acc\u00e9der avec le lien ci-dessous.<\/p>\n<p>[\/et_pb_accordion_item][et_pb_accordion_item title=\u00a0\u00bbAnciens Combattants Canada\u00a0\u00bb _builder_version=\u00a0\u00bb4.9.4&Prime; _module_preset=\u00a0\u00bbdefault\u00a0\u00bb open=\u00a0\u00bboff\u00a0\u00bb hover_enabled=\u00a0\u00bb0&Prime; sticky_enabled=\u00a0\u00bb0&Prime;]<\/p>\n<p>Si vous \u00eates un ancien combattant et vous cherchez du financement pour des appareils auditifs, notre clinique travaille r\u00e9guli\u00e8rement avec Anciens Combattants Canada (ACC). Nous pouvons vous assister avec la premi\u00e8re demande pour des appareils auditifs, ainsi qu\u2019avec toutes autres demandes de remplacement, de r\u00e9paration ou de r\u00e9-\u00e9valuation.<\/p>\n<p>Si vous \u00eates un ancien combattant et vous cherchez \u00e0 appliquer pour du financement ou une pension avec ACC en lien avec votre perte auditive ou votre acouph\u00e8ne, veuillez contacter votre l\u00e9gion r\u00e9gionale pour vous procurer d\u2019un application.<\/p>\n<p>N\u2019h\u00e9sitez pas de nous contacter pour venir compl\u00e9ter une \u00e9valuation audiologique, une consultation ou si vous avez des questions concernant le programme de financement offert par ACC pour les appareils auditifs et toutes autres aides de suppl\u00e9ance auditive.<\/p>\n<p>[\/et_pb_accordion_item][et_pb_accordion_item title=\u00a0\u00bbCommission de la s\u00e9curit\u00e9 professionnelle et de l\u2019assurance contre les accidents du travail (CSPAAT)\u00a0\u00bb _builder_version=\u00a0\u00bb4.9.4&Prime; _module_preset=\u00a0\u00bbdefault\u00a0\u00bb open=\u00a0\u00bboff\u00a0\u00bb hover_enabled=\u00a0\u00bb0&Prime; sticky_enabled=\u00a0\u00bb0&Prime;]<\/p>\n<p>Notre clinique travaille avec le programme des pertes auditives et d\u2019appareils auditifs de la Commission de la s\u00e9curit\u00e9 professionnelle et de l\u2019assurance contre les accidents du travail (CSPAAT). Nous pouvons vous assister avec la premi\u00e8re demande pour des appareils auditifs, ainsi qu\u2019avec toutes autres demandes de remplacement, de r\u00e9paration ou de r\u00e9-\u00e9valuation.<\/p>\n<p>Si vous d\u00e9sirez appliquer pour du financement avec la CSPAAT, veuillez consulter le lien \u00e0 leur site internet ci-dessous pour t\u00e9l\u00e9charger votre demande.<\/p>\n<p><a href=\"http:\/\/www.wsib.on.ca\/files\/Content\/DownloadableFrench0032B0702F\/0032B%2007%2002.pdf\">http:\/\/www.wsib.on.ca\/files\/Content\/DownloadableFrench0032B0702F\/0032B%2007%2002.pdf<\/a><\/p>\n<p>N\u2019h\u00e9sitez pas de nous contacter pour venir compl\u00e9ter une \u00e9valuation audiologique, une consultation, ou si vous avez des questions concernant le programme de financement offert par la CSPAAT pour les appareils auditifs.<\/p>\n<p>[\/et_pb_accordion_item][et_pb_accordion_item title=\u00a0\u00bbCommissions de sant\u00e9 et de s\u00e9curit\u00e9 au travail hors-province\u00a0\u00bb _builder_version=\u00a0\u00bb4.9.4&Prime; _module_preset=\u00a0\u00bbdefault\u00a0\u00bb open=\u00a0\u00bboff\u00a0\u00bb hover_enabled=\u00a0\u00bb0&Prime; sticky_enabled=\u00a0\u00bb0&Prime;]<\/p>\n<p>Nous travaillons \u00e9galement avec plusieurs Commissions de sant\u00e9 et de s\u00e9curit\u00e9 au travail hors-province et nous devrions \u00eatre capable de vous aidez avec vos demandes de biens et de services avec ces agences.<\/p>\n<p>[\/et_pb_accordion_item][et_pb_accordion_item title=\u00a0\u00bbProgramme d\u2019enfance\u00a0\u00bb _builder_version=\u00a0\u00bb4.9.4&Prime; _module_preset=\u00a0\u00bbdefault\u00a0\u00bb open=\u00a0\u00bboff\u00a0\u00bb hover_enabled=\u00a0\u00bb0&Prime; sticky_enabled=\u00a0\u00bb0&Prime;]<\/p>\n<p>Nous savons tous que l\u2019audition est tr\u00e8s importante, mais ceci est d\u2019autant plus vrai pour les enfants qui d\u00e9veloppent encore leurs syst\u00e8mes auditifs et leurs capacit\u00e9s langagi\u00e8res. Ainsi, le Programme d\u2019enfance a \u00e9t\u00e9 cr\u00e9\u00e9 avec le but de fournir des appareils auditifs \u00e0 des enfants malentendants sans frais de distribution. Non seulement est-ce que les prix sont r\u00e9duits, le Programme d\u2019enfance aide \u00e0 encourager les enfants \u00e0 porter les appareils auditifs qu\u2019ils ont besoin au lieu de choisir l\u2019option la moins dispendieuse.<\/p>\n<p>Un autre avantage du Programme d\u2019enfance est que nous accordons des temps de rendez-vous, ainsi que des commandes et des r\u00e9parations d\u2019appareils auditifs \u00e0 priori pour s\u2019assurer que les enfants ne sont pas sans leurs appareils pour une longue p\u00e9riode de temps. Dans le cas d\u2019une r\u00e9paration, nous pouvons \u00e9galement vous pr\u00eater des appareils auditifs d\u2019un style similaire lorsque votre enfant est sans ses appareils. Pour plus d\u2019information au sujet le Programme d\u2019enfance, s\u2019il-vous-pla\u00eet contactez une de nos cliniques par t\u00e9l\u00e9phone ou envoyez nous un courriel.<\/p>\n<p>[\/et_pb_accordion_item][\/et_pb_accordion][\/et_pb_column][\/et_pb_row][\/et_pb_section]<\/p>\n","protected":false},"excerpt":{"rendered":"<p>FinancementChez Davidson, notre mandat est de vous aider au travers chaque \u00e9tape du processus de s\u00e9lection d\u2019appareils auditifs. Ainsi, nous travaillons avec plusieurs agences de financement du gourvernement qui peuvent aider \u00e0 subventionner le co\u00fbt de vos appareils. De plus, le Programme d\u2019enfance a \u00e9t\u00e9 cr\u00e9\u00e9 pour assister les familles d\u2019enfants malentendants puisqu\u2019une bonne audition [&hellip;]<\/p>\n","protected":false},"author":1,"featured_media":0,"parent":0,"menu_order":0,"comment_status":"open","ping_status":"open","template":"","meta":{"_et_pb_use_builder":"on","_et_pb_old_content":"","_et_gb_content_width":"","footnotes":""},"class_list":["post-751","page","type-page","status-publish","hentry"],"yoast_head":"<!-- This site is optimized with the Yoast SEO plugin v27.4 - https:\/\/yoast.com\/product\/yoast-seo-wordpress\/ -->\n<title>Financement - Davidson Hearing Aid Centres<\/title>\n<meta name=\"robots\" content=\"index, follow, max-snippet:-1, max-image-preview:large, max-video-preview:-1\" \/>\n<link rel=\"canonical\" href=\"https:\/\/davidsonhearingaids.com\/funding\/\" \/>\n<meta property=\"og:locale\" content=\"fr_FR\" \/>\n<meta property=\"og:type\" content=\"article\" \/>\n<meta property=\"og:title\" content=\"Financement - Davidson Hearing Aid Centres\" \/>\n<meta property=\"og:description\" content=\"FinancementChez Davidson, notre mandat est de vous aider au travers chaque \u00e9tape du processus de s\u00e9lection d\u2019appareils auditifs. Ainsi, nous travaillons avec plusieurs agences de financement du gourvernement qui peuvent aider \u00e0 subventionner le co\u00fbt de vos appareils. De plus, le Programme d\u2019enfance a \u00e9t\u00e9 cr\u00e9\u00e9 pour assister les familles d\u2019enfants malentendants puisqu\u2019une bonne audition [&hellip;]\" \/>\n<meta property=\"og:url\" content=\"https:\/\/davidsonhearingaids.com\/funding\/\" \/>\n<meta property=\"og:site_name\" content=\"Davidson Hearing Aid Centres\" \/>\n<meta property=\"article:modified_time\" content=\"2021-05-31T21:26:28+00:00\" \/>\n<meta name=\"twitter:card\" content=\"summary_large_image\" \/>\n<meta name=\"twitter:label1\" content=\"Dur\u00e9e de lecture estim\u00e9e\" \/>\n\t<meta name=\"twitter:data1\" content=\"6 minutes\" \/>\n<script type=\"application\/ld+json\" class=\"yoast-schema-graph\">{\"@context\":\"https:\\\/\\\/schema.org\",\"@graph\":[{\"@type\":\"WebPage\",\"@id\":\"https:\\\/\\\/davidsonhearingaids.com\\\/funding\\\/\",\"url\":\"https:\\\/\\\/davidsonhearingaids.com\\\/funding\\\/\",\"name\":\"Financement - Davidson Hearing Aid Centres\",\"isPartOf\":{\"@id\":\"https:\\\/\\\/davidsonhearingaids.com\\\/#website\"},\"datePublished\":\"2014-12-16T16:27:03+00:00\",\"dateModified\":\"2021-05-31T21:26:28+00:00\",\"breadcrumb\":{\"@id\":\"https:\\\/\\\/davidsonhearingaids.com\\\/funding\\\/#breadcrumb\"},\"inLanguage\":\"fr-FR\",\"potentialAction\":[{\"@type\":\"ReadAction\",\"target\":[\"https:\\\/\\\/davidsonhearingaids.com\\\/funding\\\/\"]}]},{\"@type\":\"BreadcrumbList\",\"@id\":\"https:\\\/\\\/davidsonhearingaids.com\\\/funding\\\/#breadcrumb\",\"itemListElement\":[{\"@type\":\"ListItem\",\"position\":1,\"name\":\"Home\",\"item\":\"https:\\\/\\\/davidsonhearingaids.com\\\/fr\\\/\"},{\"@type\":\"ListItem\",\"position\":2,\"name\":\"Financement\"}]},{\"@type\":\"WebSite\",\"@id\":\"https:\\\/\\\/davidsonhearingaids.com\\\/#website\",\"url\":\"https:\\\/\\\/davidsonhearingaids.com\\\/\",\"name\":\"Davidson Hearing Aid Centres\",\"description\":\"Hearing Aid Ottawa\",\"potentialAction\":[{\"@type\":\"SearchAction\",\"target\":{\"@type\":\"EntryPoint\",\"urlTemplate\":\"https:\\\/\\\/davidsonhearingaids.com\\\/?s={search_term_string}\"},\"query-input\":{\"@type\":\"PropertyValueSpecification\",\"valueRequired\":true,\"valueName\":\"search_term_string\"}}],\"inLanguage\":\"fr-FR\"}]}<\/script>\n<!-- \/ Yoast SEO plugin. -->","yoast_head_json":{"title":"Financement - Davidson Hearing Aid Centres","robots":{"index":"index","follow":"follow","max-snippet":"max-snippet:-1","max-image-preview":"max-image-preview:large","max-video-preview":"max-video-preview:-1"},"canonical":"https:\/\/davidsonhearingaids.com\/funding\/","og_locale":"fr_FR","og_type":"article","og_title":"Financement - Davidson Hearing Aid Centres","og_description":"FinancementChez Davidson, notre mandat est de vous aider au travers chaque \u00e9tape du processus de s\u00e9lection d\u2019appareils auditifs. Ainsi, nous travaillons avec plusieurs agences de financement du gourvernement qui peuvent aider \u00e0 subventionner le co\u00fbt de vos appareils. De plus, le Programme d\u2019enfance a \u00e9t\u00e9 cr\u00e9\u00e9 pour assister les familles d\u2019enfants malentendants puisqu\u2019une bonne audition [&hellip;]","og_url":"https:\/\/davidsonhearingaids.com\/funding\/","og_site_name":"Davidson Hearing Aid Centres","article_modified_time":"2021-05-31T21:26:28+00:00","twitter_card":"summary_large_image","twitter_misc":{"Dur\u00e9e de lecture estim\u00e9e":"6 minutes"},"schema":{"@context":"https:\/\/schema.org","@graph":[{"@type":"WebPage","@id":"https:\/\/davidsonhearingaids.com\/funding\/","url":"https:\/\/davidsonhearingaids.com\/funding\/","name":"Financement - Davidson Hearing Aid Centres","isPartOf":{"@id":"https:\/\/davidsonhearingaids.com\/#website"},"datePublished":"2014-12-16T16:27:03+00:00","dateModified":"2021-05-31T21:26:28+00:00","breadcrumb":{"@id":"https:\/\/davidsonhearingaids.com\/funding\/#breadcrumb"},"inLanguage":"fr-FR","potentialAction":[{"@type":"ReadAction","target":["https:\/\/davidsonhearingaids.com\/funding\/"]}]},{"@type":"BreadcrumbList","@id":"https:\/\/davidsonhearingaids.com\/funding\/#breadcrumb","itemListElement":[{"@type":"ListItem","position":1,"name":"Home","item":"https:\/\/davidsonhearingaids.com\/fr\/"},{"@type":"ListItem","position":2,"name":"Financement"}]},{"@type":"WebSite","@id":"https:\/\/davidsonhearingaids.com\/#website","url":"https:\/\/davidsonhearingaids.com\/","name":"Davidson Hearing Aid Centres","description":"Hearing Aid Ottawa","potentialAction":[{"@type":"SearchAction","target":{"@type":"EntryPoint","urlTemplate":"https:\/\/davidsonhearingaids.com\/?s={search_term_string}"},"query-input":{"@type":"PropertyValueSpecification","valueRequired":true,"valueName":"search_term_string"}}],"inLanguage":"fr-FR"}]}},"featured_image_src":null,"featured_image_src_square":null,"_links":{"self":[{"href":"https:\/\/davidsonhearingaids.com\/fr\/wp-json\/wp\/v2\/pages\/751","targetHints":{"allow":["GET"]}}],"collection":[{"href":"https:\/\/davidsonhearingaids.com\/fr\/wp-json\/wp\/v2\/pages"}],"about":[{"href":"https:\/\/davidsonhearingaids.com\/fr\/wp-json\/wp\/v2\/types\/page"}],"author":[{"embeddable":true,"href":"https:\/\/davidsonhearingaids.com\/fr\/wp-json\/wp\/v2\/users\/1"}],"replies":[{"embeddable":true,"href":"https:\/\/davidsonhearingaids.com\/fr\/wp-json\/wp\/v2\/comments?post=751"}],"version-history":[{"count":0,"href":"https:\/\/davidsonhearingaids.com\/fr\/wp-json\/wp\/v2\/pages\/751\/revisions"}],"wp:attachment":[{"href":"https:\/\/davidsonhearingaids.com\/fr\/wp-json\/wp\/v2\/media?parent=751"}],"curies":[{"name":"wp","href":"https:\/\/api.w.org\/{rel}","templated":true}]}}