{"id":811,"date":"2014-12-16T20:20:06","date_gmt":"2014-12-16T20:20:06","guid":{"rendered":"http:\/\/390.d70.mwp.accessdomain.com\/?page_id=811"},"modified":"2021-05-31T12:32:06","modified_gmt":"2021-05-31T16:32:06","slug":"suivis-aux-6-mois","status":"publish","type":"page","link":"https:\/\/davidsonhearingaids.com\/fr\/nos-services\/suivis-aux-6-mois\/","title":{"rendered":"Suivis aux 6 mois"},"content":{"rendered":"<p>[et_pb_section fb_built=\u00a0\u00bb1&Prime; admin_label=\u00a0\u00bbHero\u00a0\u00bb _builder_version=\u00a0\u00bb4.9.4&Prime; custom_padding=\u00a0\u00bb0px|0px|0px|0px\u00a0\u00bb animation_style=\u00a0\u00bbzoom\u00a0\u00bb animation_intensity_zoom=\u00a0\u00bb4%\u00a0\u00bb locked=\u00a0\u00bboff\u00a0\u00bb][et_pb_row column_structure=\u00a0\u00bb2_3,1_3&Prime; use_custom_gutter=\u00a0\u00bbon\u00a0\u00bb gutter_width=\u00a0\u00bb1&Prime; make_equal=\u00a0\u00bbon\u00a0\u00bb module_class=\u00a0\u00bb et_pb_row_fullwidth\u00a0\u00bb _builder_version=\u00a0\u00bb4.9.4&Prime; background_color=\u00a0\u00bbrgba(240,240,240,0.34)\u00a0\u00bb background_image=\u00a0\u00bbhttps:\/\/davidsonhearingaids.com\/wp-content\/uploads\/2021\/05\/circle-background-pattern.png\u00a0\u00bb background_position=\u00a0\u00bbcenter_left\u00a0\u00bb background_repeat=\u00a0\u00bbrepeat\u00a0\u00bb width=\u00a0\u00bb100%\u00a0\u00bb width_tablet=\u00a0\u00bb100%\u00a0\u00bb width_phone=\u00a0\u00bb\u00a0\u00bb width_last_edited=\u00a0\u00bbon|desktop\u00a0\u00bb max_width=\u00a0\u00bb100%\u00a0\u00bb max_width_tablet=\u00a0\u00bb100%\u00a0\u00bb max_width_phone=\u00a0\u00bb\u00a0\u00bb max_width_last_edited=\u00a0\u00bbon|desktop\u00a0\u00bb custom_padding=\u00a0\u00bb0px||0px||false|false\u00a0\u00bb animation_style=\u00a0\u00bbslide\u00a0\u00bb animation_direction=\u00a0\u00bbtop\u00a0\u00bb animation_intensity_slide=\u00a0\u00bb3%\u00a0\u00bb make_fullwidth=\u00a0\u00bbon\u00a0\u00bb][et_pb_column type=\u00a0\u00bb2_3&Prime; _builder_version=\u00a0\u00bb4.9.4&Prime; background_image=\u00a0\u00bbhttps:\/\/davidsonhearingaids.com\/wp-content\/uploads\/2021\/05\/Amy-1.jpg\u00a0\u00bb background_position=\u00a0\u00bbcenter_left\u00a0\u00bb custom_padding=\u00a0\u00bb||||false|false\u00a0\u00bb custom_padding__hover=\u00a0\u00bb|||\u00a0\u00bb][et_pb_image src=\u00a0\u00bbhttps:\/\/davidsonhearingaids.com\/wp-content\/uploads\/2021\/05\/nettoyage.png\u00a0\u00bb title_text=\u00a0\u00bbnettoyage\u00a0\u00bb _builder_version=\u00a0\u00bb4.9.4&Prime; _module_preset=\u00a0\u00bbdefault\u00a0\u00bb custom_margin=\u00a0\u00bb30px||30px||true|false\u00a0\u00bb custom_margin_tablet=\u00a0\u00bb70px||70px||true|false\u00a0\u00bb custom_margin_phone=\u00a0\u00bb\u00a0\u00bb custom_margin_last_edited=\u00a0\u00bbon|desktop\u00a0\u00bb hover_enabled=\u00a0\u00bb0&Prime; sticky_enabled=\u00a0\u00bb0&Prime;][\/et_pb_image][\/et_pb_column][et_pb_column type=\u00a0\u00bb1_3&Prime; _builder_version=\u00a0\u00bb4.9.4&Prime; background_enable_color=\u00a0\u00bboff\u00a0\u00bb background_image=\u00a0\u00bbhttps:\/\/davidsonhearingaids.com\/wp-content\/uploads\/2017\/12\/Header_beyondZ.jpg\u00a0\u00bb custom_padding=\u00a0\u00bb3%|3%|3%|3%|true|false\u00a0\u00bb custom_padding_tablet=\u00a0\u00bb6%||6%|6%|true|false\u00a0\u00bb custom_padding_phone=\u00a0\u00bb10%|8%|10%|8%|true|true\u00a0\u00bb custom_padding_last_edited=\u00a0\u00bbon|phone\u00a0\u00bb custom_padding__hover=\u00a0\u00bb|||\u00a0\u00bb][et_pb_text link_text_color__hover=\u00a0\u00bb#2991D6&Prime; link_text_color__hover_enabled=\u00a0\u00bbon|desktop\u00a0\u00bb header_text_color=\u00a0\u00bb#2991D6&Prime; header_2_text_color=\u00a0\u00bb#ffffff\u00a0\u00bb header_5_line_height__hover_enabled=\u00a0\u00bbon|desktop\u00a0\u00bb _builder_version=\u00a0\u00bb4.9.4&Prime; _module_preset=\u00a0\u00bbdefault\u00a0\u00bb locked=\u00a0\u00bboff\u00a0\u00bb hover_enabled=\u00a0\u00bb0&Prime; sticky_enabled=\u00a0\u00bb0&Prime;]<\/p>\n<h2>Nos services<\/h2>\n<p>[\/et_pb_text][et_pb_text _builder_version=\u00a0\u00bb4.9.4&Prime; _module_preset=\u00a0\u00bbdefault\u00a0\u00bb ul_text_color=\u00a0\u00bb#878787&Prime; locked=\u00a0\u00bboff\u00a0\u00bb link_text_color__hover=\u00a0\u00bb#2991D6&Prime; link_text_color__hover_enabled=\u00a0\u00bbon|desktop\u00a0\u00bb header_5_line_height__hover_enabled=\u00a0\u00bbon|desktop\u00a0\u00bb]<\/p>\n<ul wfd-id=\"180\">\n<li wfd-id=\"188\"><strong><a href=\"https:\/\/davidsonhearingaids.com\/fr\/nos-services\/tests-auditifs\/\">Tests auditifs<\/a><\/strong><\/li>\n<li wfd-id=\"187\"><strong><a href=\"https:\/\/davidsonhearingaids.com\/fr\/nos-services\/selection-dappareils-auditifs\/\">Choix d\u2019appareil auditif<\/a><\/strong><\/li>\n<li wfd-id=\"186\"><strong><a href=\"https:\/\/davidsonhearingaids.com\/fr\/nos-services\/verification-et-validation\/\">V\u00e9rification et validation<\/a><\/strong><\/li>\n<li wfd-id=\"185\"><strong><a href=\"https:\/\/davidsonhearingaids.com\/fr\/nos-services\/suivis-aux-6-mois\/\">Nettoyage et v\u00e9rification aux 6 mois<\/a><\/strong><\/li>\n<li wfd-id=\"184\"><strong><a href=\"https:\/\/davidsonhearingaids.com\/fr\/nos-services\/reparation-dappareils-auditifs\/\">R\u00e9paration des appareils auditifs<\/a><\/strong><\/li>\n<li wfd-id=\"183\"><strong><a href=\"https:\/\/davidsonhearingaids.com\/fr\/nos-services\/les-acouphenes\/\">Les acouph\u00e8nes<\/a><\/strong><\/li>\n<li wfd-id=\"182\"><strong><a href=\"https:\/\/davidsonhearingaids.com\/fr\/nos-services\/gestion-du-cerumen\/\">\u00c9limination du c\u00e9rum<\/a><\/strong><\/li>\n<li wfd-id=\"181\"><strong><a href=\"https:\/\/davidsonhearingaids.com\/fr\/nos-services\/rendez-vous-a-domicile\/\">Appels \u00e0 domicile<\/a><\/strong><\/li>\n<\/ul>\n<p>[\/et_pb_text][et_pb_button button_url=\u00a0\u00bbhttps:\/\/davidsonhearingaids.com\/fr\/nos-services\/\u00a0\u00bb button_text=\u00a0\u00bbNos Services\u00a0\u00bb _builder_version=\u00a0\u00bb4.9.4&Prime; _module_preset=\u00a0\u00bbd80bd8c0-331c-4bba-8580-e2818bec5ca1&Prime; button_use_icon=\u00a0\u00bbon\u00a0\u00bb button_icon=\u00a0\u00bb%%41%%\u00a0\u00bb button_icon_placement=\u00a0\u00bbleft\u00a0\u00bb button_on_hover=\u00a0\u00bboff\u00a0\u00bb custom_padding=\u00a0\u00bb15px|30px|15px|40px|true|false\u00a0\u00bb hover_enabled=\u00a0\u00bb0&Prime; locked=\u00a0\u00bboff\u00a0\u00bb button_bg_color__hover=\u00a0\u00bb#045a93&Prime; button_bg_color__hover_enabled=\u00a0\u00bbon|desktop\u00a0\u00bb button_border_color__hover=\u00a0\u00bbrgba(95,26,109,0.8)\u00a0\u00bb button_border_color__hover_enabled=\u00a0\u00bbon|hover\u00a0\u00bb sticky_enabled=\u00a0\u00bb0&Prime;][\/et_pb_button][\/et_pb_column][\/et_pb_row][\/et_pb_section][et_pb_section fb_built=\u00a0\u00bb1&Prime; _builder_version=\u00a0\u00bb4.9.4&Prime; _module_preset=\u00a0\u00bbdefault\u00a0\u00bb locked=\u00a0\u00bboff\u00a0\u00bb][et_pb_row _builder_version=\u00a0\u00bb4.9.4&Prime; _module_preset=\u00a0\u00bbdefault\u00a0\u00bb][et_pb_column type=\u00a0\u00bb4_4&Prime; _builder_version=\u00a0\u00bb4.9.4&Prime; _module_preset=\u00a0\u00bbdefault\u00a0\u00bb][et_pb_text link_text_color__hover=\u00a0\u00bb#2991D6&Prime; link_text_color__hover_enabled=\u00a0\u00bbon|desktop\u00a0\u00bb header_5_line_height__hover_enabled=\u00a0\u00bbon|desktop\u00a0\u00bb _builder_version=\u00a0\u00bb4.9.4&Prime; _module_preset=\u00a0\u00bbdefault\u00a0\u00bb hover_enabled=\u00a0\u00bb0&Prime; sticky_enabled=\u00a0\u00bb0&Prime;]<\/p>\n<div class=\"wpb_text_column wpb_content_element \">\n<div class=\"wpb_wrapper\">\n<h2>Rendez-vous de nettoyage et de v\u00e9rification aux 6 mois<\/h2>\n<p>&nbsp;<\/p>\n<\/div>\n<\/div>\n<div class=\"wpb_text_column wpb_content_element \">\n<div class=\"wpb_wrapper\">\n<p>Pour assurer le bon fonctionnement de vos appareils auditifs, nous vous recommandons de les faire nettoyer tous les 6 mois. Lors de ce rendez-vous, nous proc\u00e9derons \u00e0 un nettoyage approfondi de vos appareils auditifs et nous nous assurerons qu\u2019ils continuent de fonctionner au niveau requis. Les tubes des appareils auditifs derri\u00e8re l\u2019oreille seront \u00e9galement chang\u00e9s. Nous nous assurerons aussi que vos conduits auditifs sont bien d\u00e9gag\u00e9s et que vous profitez de tous les bienfaits de vos appareils. De plus, si des ajustements de programmation sont n\u00e9cessaires, ils seront effectu\u00e9s. Ce rendez-vous est gratuit, alors profitez de notre service et assurez-vous que vous optimisez votre audition.<\/p>\n<p>Vous vous demandez pourquoi vous devez venir nous voir tous les 6 mois? Lisez ici une publication sur notre blog qui porte sur ce sujet : Rendez-vous de v\u00e9rification tous les 6 mois? Sont-ils importants?<\/p>\n<\/div>\n<\/div>\n<p>[\/et_pb_text][\/et_pb_column][\/et_pb_row][\/et_pb_section]<\/p>\n","protected":false},"excerpt":{"rendered":"<p>Nos services Tests auditifs Choix d\u2019appareil auditif V\u00e9rification et validation Nettoyage et v\u00e9rification aux 6 mois R\u00e9paration des appareils auditifs Les acouph\u00e8nes \u00c9limination du c\u00e9rum Appels \u00e0 domicile Rendez-vous de nettoyage et de v\u00e9rification aux 6 mois &nbsp; Pour assurer le bon fonctionnement de vos appareils auditifs, nous vous recommandons de les faire nettoyer tous [&hellip;]<\/p>\n","protected":false},"author":1,"featured_media":0,"parent":808,"menu_order":0,"comment_status":"open","ping_status":"open","template":"","meta":{"_et_pb_use_builder":"on","_et_pb_old_content":"","_et_gb_content_width":"","footnotes":""},"class_list":["post-811","page","type-page","status-publish","hentry"],"yoast_head":"<!-- This site is optimized with the Yoast SEO plugin v27.3 - https:\/\/yoast.com\/product\/yoast-seo-wordpress\/ -->\n<title>Suivis aux 6 mois - Davidson Hearing Aid Centres<\/title>\n<meta name=\"robots\" content=\"index, follow, max-snippet:-1, max-image-preview:large, max-video-preview:-1\" \/>\n<link rel=\"canonical\" href=\"https:\/\/davidsonhearingaids.com\/fr\/nos-services\/suivis-aux-6-mois\/\" \/>\n<meta property=\"og:locale\" content=\"fr_FR\" \/>\n<meta property=\"og:type\" content=\"article\" \/>\n<meta property=\"og:title\" content=\"Suivis aux 6 mois - Davidson Hearing Aid Centres\" \/>\n<meta property=\"og:description\" content=\"Nos services Tests auditifs Choix d\u2019appareil auditif V\u00e9rification et validation Nettoyage et v\u00e9rification aux 6 mois R\u00e9paration des appareils auditifs Les acouph\u00e8nes \u00c9limination du c\u00e9rum Appels \u00e0 domicile Rendez-vous de nettoyage et de v\u00e9rification aux 6 mois &nbsp; Pour assurer le bon fonctionnement de vos appareils auditifs, nous vous recommandons de les faire nettoyer tous [&hellip;]\" \/>\n<meta property=\"og:url\" content=\"https:\/\/davidsonhearingaids.com\/fr\/nos-services\/suivis-aux-6-mois\/\" \/>\n<meta property=\"og:site_name\" content=\"Davidson Hearing Aid Centres\" \/>\n<meta property=\"article:modified_time\" content=\"2021-05-31T16:32:06+00:00\" \/>\n<meta name=\"twitter:card\" content=\"summary_large_image\" \/>\n<meta name=\"twitter:label1\" content=\"Dur\u00e9e de lecture estim\u00e9e\" \/>\n\t<meta name=\"twitter:data1\" content=\"3 minutes\" \/>\n<script type=\"application\/ld+json\" class=\"yoast-schema-graph\">{\"@context\":\"https:\\\/\\\/schema.org\",\"@graph\":[{\"@type\":\"WebPage\",\"@id\":\"https:\\\/\\\/davidsonhearingaids.com\\\/fr\\\/nos-services\\\/suivis-aux-6-mois\\\/\",\"url\":\"https:\\\/\\\/davidsonhearingaids.com\\\/fr\\\/nos-services\\\/suivis-aux-6-mois\\\/\",\"name\":\"Suivis aux 6 mois - Davidson Hearing Aid Centres\",\"isPartOf\":{\"@id\":\"https:\\\/\\\/davidsonhearingaids.com\\\/#website\"},\"datePublished\":\"2014-12-16T20:20:06+00:00\",\"dateModified\":\"2021-05-31T16:32:06+00:00\",\"breadcrumb\":{\"@id\":\"https:\\\/\\\/davidsonhearingaids.com\\\/fr\\\/nos-services\\\/suivis-aux-6-mois\\\/#breadcrumb\"},\"inLanguage\":\"fr-FR\",\"potentialAction\":[{\"@type\":\"ReadAction\",\"target\":[\"https:\\\/\\\/davidsonhearingaids.com\\\/fr\\\/nos-services\\\/suivis-aux-6-mois\\\/\"]}]},{\"@type\":\"BreadcrumbList\",\"@id\":\"https:\\\/\\\/davidsonhearingaids.com\\\/fr\\\/nos-services\\\/suivis-aux-6-mois\\\/#breadcrumb\",\"itemListElement\":[{\"@type\":\"ListItem\",\"position\":1,\"name\":\"Home\",\"item\":\"https:\\\/\\\/davidsonhearingaids.com\\\/fr\\\/\"},{\"@type\":\"ListItem\",\"position\":2,\"name\":\"Services\",\"item\":\"https:\\\/\\\/davidsonhearingaids.com\\\/services\\\/\"},{\"@type\":\"ListItem\",\"position\":3,\"name\":\"Suivis aux 6 mois\"}]},{\"@type\":\"WebSite\",\"@id\":\"https:\\\/\\\/davidsonhearingaids.com\\\/#website\",\"url\":\"https:\\\/\\\/davidsonhearingaids.com\\\/\",\"name\":\"Davidson Hearing Aid Centres\",\"description\":\"Hearing Aid Ottawa\",\"potentialAction\":[{\"@type\":\"SearchAction\",\"target\":{\"@type\":\"EntryPoint\",\"urlTemplate\":\"https:\\\/\\\/davidsonhearingaids.com\\\/?s={search_term_string}\"},\"query-input\":{\"@type\":\"PropertyValueSpecification\",\"valueRequired\":true,\"valueName\":\"search_term_string\"}}],\"inLanguage\":\"fr-FR\"}]}<\/script>\n<!-- \/ Yoast SEO plugin. -->","yoast_head_json":{"title":"Suivis aux 6 mois - Davidson Hearing Aid Centres","robots":{"index":"index","follow":"follow","max-snippet":"max-snippet:-1","max-image-preview":"max-image-preview:large","max-video-preview":"max-video-preview:-1"},"canonical":"https:\/\/davidsonhearingaids.com\/fr\/nos-services\/suivis-aux-6-mois\/","og_locale":"fr_FR","og_type":"article","og_title":"Suivis aux 6 mois - Davidson Hearing Aid Centres","og_description":"Nos services Tests auditifs Choix d\u2019appareil auditif V\u00e9rification et validation Nettoyage et v\u00e9rification aux 6 mois R\u00e9paration des appareils auditifs Les acouph\u00e8nes \u00c9limination du c\u00e9rum Appels \u00e0 domicile Rendez-vous de nettoyage et de v\u00e9rification aux 6 mois &nbsp; Pour assurer le bon fonctionnement de vos appareils auditifs, nous vous recommandons de les faire nettoyer tous [&hellip;]","og_url":"https:\/\/davidsonhearingaids.com\/fr\/nos-services\/suivis-aux-6-mois\/","og_site_name":"Davidson Hearing Aid Centres","article_modified_time":"2021-05-31T16:32:06+00:00","twitter_card":"summary_large_image","twitter_misc":{"Dur\u00e9e de lecture estim\u00e9e":"3 minutes"},"schema":{"@context":"https:\/\/schema.org","@graph":[{"@type":"WebPage","@id":"https:\/\/davidsonhearingaids.com\/fr\/nos-services\/suivis-aux-6-mois\/","url":"https:\/\/davidsonhearingaids.com\/fr\/nos-services\/suivis-aux-6-mois\/","name":"Suivis aux 6 mois - Davidson Hearing Aid Centres","isPartOf":{"@id":"https:\/\/davidsonhearingaids.com\/#website"},"datePublished":"2014-12-16T20:20:06+00:00","dateModified":"2021-05-31T16:32:06+00:00","breadcrumb":{"@id":"https:\/\/davidsonhearingaids.com\/fr\/nos-services\/suivis-aux-6-mois\/#breadcrumb"},"inLanguage":"fr-FR","potentialAction":[{"@type":"ReadAction","target":["https:\/\/davidsonhearingaids.com\/fr\/nos-services\/suivis-aux-6-mois\/"]}]},{"@type":"BreadcrumbList","@id":"https:\/\/davidsonhearingaids.com\/fr\/nos-services\/suivis-aux-6-mois\/#breadcrumb","itemListElement":[{"@type":"ListItem","position":1,"name":"Home","item":"https:\/\/davidsonhearingaids.com\/fr\/"},{"@type":"ListItem","position":2,"name":"Services","item":"https:\/\/davidsonhearingaids.com\/services\/"},{"@type":"ListItem","position":3,"name":"Suivis aux 6 mois"}]},{"@type":"WebSite","@id":"https:\/\/davidsonhearingaids.com\/#website","url":"https:\/\/davidsonhearingaids.com\/","name":"Davidson Hearing Aid Centres","description":"Hearing Aid Ottawa","potentialAction":[{"@type":"SearchAction","target":{"@type":"EntryPoint","urlTemplate":"https:\/\/davidsonhearingaids.com\/?s={search_term_string}"},"query-input":{"@type":"PropertyValueSpecification","valueRequired":true,"valueName":"search_term_string"}}],"inLanguage":"fr-FR"}]}},"featured_image_src":null,"featured_image_src_square":null,"_links":{"self":[{"href":"https:\/\/davidsonhearingaids.com\/fr\/wp-json\/wp\/v2\/pages\/811","targetHints":{"allow":["GET"]}}],"collection":[{"href":"https:\/\/davidsonhearingaids.com\/fr\/wp-json\/wp\/v2\/pages"}],"about":[{"href":"https:\/\/davidsonhearingaids.com\/fr\/wp-json\/wp\/v2\/types\/page"}],"author":[{"embeddable":true,"href":"https:\/\/davidsonhearingaids.com\/fr\/wp-json\/wp\/v2\/users\/1"}],"replies":[{"embeddable":true,"href":"https:\/\/davidsonhearingaids.com\/fr\/wp-json\/wp\/v2\/comments?post=811"}],"version-history":[{"count":0,"href":"https:\/\/davidsonhearingaids.com\/fr\/wp-json\/wp\/v2\/pages\/811\/revisions"}],"up":[{"embeddable":true,"href":"https:\/\/davidsonhearingaids.com\/fr\/wp-json\/wp\/v2\/pages\/808"}],"wp:attachment":[{"href":"https:\/\/davidsonhearingaids.com\/fr\/wp-json\/wp\/v2\/media?parent=811"}],"curies":[{"name":"wp","href":"https:\/\/api.w.org\/{rel}","templated":true}]}}