{"id":822,"date":"2014-12-16T20:29:43","date_gmt":"2014-12-16T20:29:43","guid":{"rendered":"http:\/\/390.d70.mwp.accessdomain.com\/?page_id=822"},"modified":"2021-05-28T12:39:05","modified_gmt":"2021-05-28T16:39:05","slug":"produit","status":"publish","type":"page","link":"https:\/\/davidsonhearingaids.com\/fr\/produit\/","title":{"rendered":"Tous les manufacturiers et les styles"},"content":{"rendered":"<p>[et_pb_section fb_built=\u00a0\u00bb1&Prime; admin_label=\u00a0\u00bbHero\u00a0\u00bb _builder_version=\u00a0\u00bb4.9.4&Prime; custom_padding=\u00a0\u00bb0px|0px|0px|0px\u00a0\u00bb animation_style=\u00a0\u00bbzoom\u00a0\u00bb animation_intensity_zoom=\u00a0\u00bb4%\u00a0\u00bb locked=\u00a0\u00bboff\u00a0\u00bb][et_pb_row use_custom_gutter=\u00a0\u00bbon\u00a0\u00bb gutter_width=\u00a0\u00bb1&Prime; make_equal=\u00a0\u00bbon\u00a0\u00bb module_class=\u00a0\u00bb et_pb_row_fullwidth\u00a0\u00bb _builder_version=\u00a0\u00bb4.9.4&Prime; background_color=\u00a0\u00bbrgba(240,240,240,0.34)\u00a0\u00bb background_image=\u00a0\u00bbhttps:\/\/davidsonhearingaids.com\/wp-content\/uploads\/2021\/05\/circle-background-pattern.png\u00a0\u00bb background_position=\u00a0\u00bbcenter_left\u00a0\u00bb background_repeat=\u00a0\u00bbrepeat\u00a0\u00bb width=\u00a0\u00bb100%\u00a0\u00bb width_tablet=\u00a0\u00bb100%\u00a0\u00bb width_phone=\u00a0\u00bb\u00a0\u00bb width_last_edited=\u00a0\u00bbon|desktop\u00a0\u00bb max_width=\u00a0\u00bb100%\u00a0\u00bb max_width_tablet=\u00a0\u00bb100%\u00a0\u00bb max_width_phone=\u00a0\u00bb\u00a0\u00bb max_width_last_edited=\u00a0\u00bbon|desktop\u00a0\u00bb custom_padding=\u00a0\u00bb0px||0px|\u00a0\u00bb animation_style=\u00a0\u00bbslide\u00a0\u00bb animation_direction=\u00a0\u00bbtop\u00a0\u00bb animation_intensity_slide=\u00a0\u00bb3%\u00a0\u00bb make_fullwidth=\u00a0\u00bbon\u00a0\u00bb][et_pb_column type=\u00a0\u00bb4_4&Prime; _builder_version=\u00a0\u00bb4.9.4&Prime; background_image=\u00a0\u00bbhttps:\/\/davidsonhearingaids.com\/wp-content\/uploads\/2021\/05\/Widex-CROS.jpg\u00a0\u00bb background_position=\u00a0\u00bbcenter_left\u00a0\u00bb custom_padding=\u00a0\u00bb|||\u00a0\u00bb custom_padding__hover=\u00a0\u00bb|||\u00a0\u00bb][et_pb_divider show_divider=\u00a0\u00bboff\u00a0\u00bb _builder_version=\u00a0\u00bb4.9.4&Prime; _module_preset=\u00a0\u00bbdefault\u00a0\u00bb custom_margin=\u00a0\u00bb0px||0px||true|false\u00a0\u00bb custom_padding=\u00a0\u00bb150px||150px||true|false\u00a0\u00bb][\/et_pb_divider][\/et_pb_column][\/et_pb_row][\/et_pb_section][et_pb_section fb_built=\u00a0\u00bb1&Prime; _builder_version=\u00a0\u00bb4.9.4&Prime; _module_preset=\u00a0\u00bbdefault\u00a0\u00bb custom_padding=\u00a0\u00bb||2px|||\u00a0\u00bb][et_pb_row _builder_version=\u00a0\u00bb4.9.4&Prime; _module_preset=\u00a0\u00bbdefault\u00a0\u00bb custom_padding=\u00a0\u00bb0px||0px||true|false\u00a0\u00bb][et_pb_column type=\u00a0\u00bb4_4&Prime; _builder_version=\u00a0\u00bb4.9.4&Prime; _module_preset=\u00a0\u00bbdefault\u00a0\u00bb][et_pb_text _builder_version=\u00a0\u00bb4.9.4&Prime; _module_preset=\u00a0\u00bbdefault\u00a0\u00bb header_text_color=\u00a0\u00bb#2991D6&Prime; custom_margin=\u00a0\u00bb||0px||false|false\u00a0\u00bb custom_padding=\u00a0\u00bb||0px||false|false\u00a0\u00bb custom_padding_tablet=\u00a0\u00bb\u00a0\u00bb custom_padding_phone=\u00a0\u00bb\u00a0\u00bb custom_padding_last_edited=\u00a0\u00bbon|tablet\u00a0\u00bb link_text_color__hover=\u00a0\u00bb#2991D6&Prime; link_text_color__hover_enabled=\u00a0\u00bbon|desktop\u00a0\u00bb header_5_line_height__hover_enabled=\u00a0\u00bbon|desktop\u00a0\u00bb]<\/p>\n<h1 style=\"text-align: center;\">Les fabricants que nous fournissons et soutenons<\/h1>\n<p>[\/et_pb_text][et_pb_divider color=\u00a0\u00bb#D3D3D3&Prime; _builder_version=\u00a0\u00bb4.9.4&Prime; _module_preset=\u00a0\u00bbdefault\u00a0\u00bb custom_margin=\u00a0\u00bb||||false|false\u00a0\u00bb][\/et_pb_divider][et_pb_text _builder_version=\u00a0\u00bb4.9.4&Prime; _module_preset=\u00a0\u00bbdefault\u00a0\u00bb custom_margin=\u00a0\u00bb||0px||false|false\u00a0\u00bb custom_padding=\u00a0\u00bb||0px||false|false\u00a0\u00bb custom_padding_tablet=\u00a0\u00bb\u00a0\u00bb custom_padding_phone=\u00a0\u00bb\u00a0\u00bb custom_padding_last_edited=\u00a0\u00bbon|tablet\u00a0\u00bb link_text_color__hover=\u00a0\u00bb#2991D6&Prime; link_text_color__hover_enabled=\u00a0\u00bbon|desktop\u00a0\u00bb header_5_line_height__hover_enabled=\u00a0\u00bbon|desktop\u00a0\u00bb]Au contraire de plusieurs de nos comp\u00e9titeurs qui sont associ\u00e9s \u00e0 ou entretenus par des manufacturiers, Davidson Hearing Aid Centres est une entreprise priv\u00e9e. Ceci nous permet de travailler avec tous les diff\u00e9rents manufacturiers d\u2019appareils auditifs et nous accorde la flexibilit\u00e9 de prescrire les meilleurs produits disponibles sur le march\u00e9. Nos 75 ans d\u2019exp\u00e9rience peuvent vous rassurer que vous allez recevoir les appareils auditifs qui r\u00e9pondent les mieux \u00e0 vos besoins.<\/p>\n<p>Il y a deux d\u00e9cisions importantes \u00e0 prendre lorsque vous choisissez un appareil auditif. Premi\u00e8rement, le style de l\u2019encaissement o\u00f9 l\u2019on va placer la circuiterie, et deuxi\u00e8mement, le niveau de technologie qui sera utilis\u00e9 parl\u2019appareil.[\/et_pb_text][\/et_pb_column][\/et_pb_row][\/et_pb_section][et_pb_section fb_built=\u00a0\u00bb1&Prime; _builder_version=\u00a0\u00bb4.9.4&Prime; _module_preset=\u00a0\u00bbdefault\u00a0\u00bb][et_pb_row column_structure=\u00a0\u00bb1_6,1_6,1_6,1_6,1_6,1_6&Prime; use_custom_gutter=\u00a0\u00bbon\u00a0\u00bb gutter_width=\u00a0\u00bb2&Prime; _builder_version=\u00a0\u00bb4.9.4&Prime; _module_preset=\u00a0\u00bbdefault\u00a0\u00bb][et_pb_column type=\u00a0\u00bb1_6&Prime; _builder_version=\u00a0\u00bb4.9.4&Prime; _module_preset=\u00a0\u00bbdefault\u00a0\u00bb][et_pb_image src=\u00a0\u00bbhttps:\/\/davidsonhearingaids.com\/wp-content\/uploads\/2013\/08\/oticon-new.png\u00a0\u00bb title_text=\u00a0\u00bboticon-new\u00a0\u00bb _builder_version=\u00a0\u00bb4.9.4&Prime; _module_preset=\u00a0\u00bbdefault\u00a0\u00bb][\/et_pb_image][\/et_pb_column][et_pb_column type=\u00a0\u00bb1_6&Prime; _builder_version=\u00a0\u00bb4.9.4&Prime; _module_preset=\u00a0\u00bbdefault\u00a0\u00bb][et_pb_image src=\u00a0\u00bbhttps:\/\/davidsonhearingaids.com\/wp-content\/uploads\/2017\/01\/phonak-1.png\u00a0\u00bb title_text=\u00a0\u00bbphonak-1&Prime; _builder_version=\u00a0\u00bb4.9.4&Prime; _module_preset=\u00a0\u00bbdefault\u00a0\u00bb][\/et_pb_image][\/et_pb_column][et_pb_column type=\u00a0\u00bb1_6&Prime; _builder_version=\u00a0\u00bb4.9.4&Prime; _module_preset=\u00a0\u00bbdefault\u00a0\u00bb][et_pb_image src=\u00a0\u00bbhttps:\/\/davidsonhearingaids.com\/wp-content\/uploads\/2017\/01\/resound-1.png\u00a0\u00bb title_text=\u00a0\u00bbresound-1&Prime; _builder_version=\u00a0\u00bb4.9.4&Prime; _module_preset=\u00a0\u00bbdefault\u00a0\u00bb][\/et_pb_image][\/et_pb_column][et_pb_column type=\u00a0\u00bb1_6&Prime; _builder_version=\u00a0\u00bb4.9.4&Prime; _module_preset=\u00a0\u00bbdefault\u00a0\u00bb][et_pb_image src=\u00a0\u00bbhttps:\/\/davidsonhearingaids.com\/wp-content\/uploads\/2021\/05\/signia-new.png\u00a0\u00bb title_text=\u00a0\u00bbsignia-new\u00a0\u00bb _builder_version=\u00a0\u00bb4.9.4&Prime; _module_preset=\u00a0\u00bbdefault\u00a0\u00bb][\/et_pb_image][\/et_pb_column][et_pb_column type=\u00a0\u00bb1_6&Prime; _builder_version=\u00a0\u00bb4.9.4&Prime; _module_preset=\u00a0\u00bbdefault\u00a0\u00bb][et_pb_image src=\u00a0\u00bbhttps:\/\/davidsonhearingaids.com\/wp-content\/uploads\/2017\/01\/starkey-1.png\u00a0\u00bb title_text=\u00a0\u00bbstarkey-1&Prime; _builder_version=\u00a0\u00bb4.9.4&Prime; _module_preset=\u00a0\u00bbdefault\u00a0\u00bb][\/et_pb_image][\/et_pb_column][et_pb_column type=\u00a0\u00bb1_6&Prime; _builder_version=\u00a0\u00bb4.9.4&Prime; _module_preset=\u00a0\u00bbdefault\u00a0\u00bb][et_pb_image src=\u00a0\u00bbhttps:\/\/davidsonhearingaids.com\/wp-content\/uploads\/2017\/01\/widex-1.png\u00a0\u00bb title_text=\u00a0\u00bbwidex-1&Prime; _builder_version=\u00a0\u00bb4.9.4&Prime; _module_preset=\u00a0\u00bbdefault\u00a0\u00bb][\/et_pb_image][\/et_pb_column][\/et_pb_row][et_pb_row column_structure=\u00a0\u00bb1_6,1_6,1_6,1_6,1_6,1_6&Prime; use_custom_gutter=\u00a0\u00bbon\u00a0\u00bb gutter_width=\u00a0\u00bb2&Prime; _builder_version=\u00a0\u00bb4.9.4&Prime; _module_preset=\u00a0\u00bbdefault\u00a0\u00bb][et_pb_column type=\u00a0\u00bb1_6&Prime; _builder_version=\u00a0\u00bb4.9.4&Prime; _module_preset=\u00a0\u00bbdefault\u00a0\u00bb][et_pb_image src=\u00a0\u00bbhttps:\/\/davidsonhearingaids.com\/wp-content\/uploads\/2017\/01\/beltone-1.png\u00a0\u00bb title_text=\u00a0\u00bbbeltone-1&Prime; _builder_version=\u00a0\u00bb4.9.4&Prime; _module_preset=\u00a0\u00bbdefault\u00a0\u00bb][\/et_pb_image][\/et_pb_column][et_pb_column type=\u00a0\u00bb1_6&Prime; _builder_version=\u00a0\u00bb4.9.4&Prime; _module_preset=\u00a0\u00bbdefault\u00a0\u00bb][et_pb_image src=\u00a0\u00bbhttps:\/\/davidsonhearingaids.com\/wp-content\/uploads\/2017\/01\/bernafon-1.png\u00a0\u00bb title_text=\u00a0\u00bbbernafon-1&Prime; _builder_version=\u00a0\u00bb4.9.4&Prime; _module_preset=\u00a0\u00bbdefault\u00a0\u00bb][\/et_pb_image][\/et_pb_column][et_pb_column type=\u00a0\u00bb1_6&Prime; _builder_version=\u00a0\u00bb4.9.4&Prime; _module_preset=\u00a0\u00bbdefault\u00a0\u00bb][et_pb_image src=\u00a0\u00bbhttps:\/\/davidsonhearingaids.com\/wp-content\/uploads\/2017\/01\/med-el.png\u00a0\u00bb title_text=\u00a0\u00bbmed-el\u00a0\u00bb _builder_version=\u00a0\u00bb4.9.4&Prime; _module_preset=\u00a0\u00bbdefault\u00a0\u00bb][\/et_pb_image][\/et_pb_column][et_pb_column type=\u00a0\u00bb1_6&Prime; _builder_version=\u00a0\u00bb4.9.4&Prime; _module_preset=\u00a0\u00bbdefault\u00a0\u00bb][et_pb_image src=\u00a0\u00bbhttps:\/\/davidsonhearingaids.com\/wp-content\/uploads\/2017\/01\/siemens-1.png\u00a0\u00bb title_text=\u00a0\u00bbsiemens-1&Prime; _builder_version=\u00a0\u00bb4.9.4&Prime; _module_preset=\u00a0\u00bbdefault\u00a0\u00bb][\/et_pb_image][\/et_pb_column][et_pb_column type=\u00a0\u00bb1_6&Prime; _builder_version=\u00a0\u00bb4.9.4&Prime; _module_preset=\u00a0\u00bbdefault\u00a0\u00bb][et_pb_image src=\u00a0\u00bbhttps:\/\/davidsonhearingaids.com\/wp-content\/uploads\/2017\/01\/sonic-1.png\u00a0\u00bb title_text=\u00a0\u00bbsonic-1&Prime; _builder_version=\u00a0\u00bb4.9.4&Prime; _module_preset=\u00a0\u00bbdefault\u00a0\u00bb][\/et_pb_image][\/et_pb_column][et_pb_column type=\u00a0\u00bb1_6&Prime; _builder_version=\u00a0\u00bb4.9.4&Prime; _module_preset=\u00a0\u00bbdefault\u00a0\u00bb][et_pb_image src=\u00a0\u00bbhttps:\/\/davidsonhearingaids.com\/wp-content\/uploads\/2017\/01\/unitron-1.png\u00a0\u00bb title_text=\u00a0\u00bbunitron-1&Prime; _builder_version=\u00a0\u00bb4.9.4&Prime; _module_preset=\u00a0\u00bbdefault\u00a0\u00bb][\/et_pb_image][\/et_pb_column][\/et_pb_row][\/et_pb_section][et_pb_section fb_built=\u00a0\u00bb1&Prime; _builder_version=\u00a0\u00bb4.9.4&Prime; _module_preset=\u00a0\u00bbdefault\u00a0\u00bb custom_padding=\u00a0\u00bb||2px|||\u00a0\u00bb][et_pb_row _builder_version=\u00a0\u00bb4.9.4&Prime; _module_preset=\u00a0\u00bbdefault\u00a0\u00bb custom_padding=\u00a0\u00bb0px||0px||true|false\u00a0\u00bb][et_pb_column type=\u00a0\u00bb4_4&Prime; _builder_version=\u00a0\u00bb4.9.4&Prime; _module_preset=\u00a0\u00bbdefault\u00a0\u00bb][et_pb_text _builder_version=\u00a0\u00bb4.9.4&Prime; _module_preset=\u00a0\u00bbdefault\u00a0\u00bb header_text_color=\u00a0\u00bb#2991D6&Prime; custom_margin=\u00a0\u00bb||0px||false|false\u00a0\u00bb custom_padding=\u00a0\u00bb||0px||false|false\u00a0\u00bb custom_padding_tablet=\u00a0\u00bb\u00a0\u00bb custom_padding_phone=\u00a0\u00bb\u00a0\u00bb custom_padding_last_edited=\u00a0\u00bbon|tablet\u00a0\u00bb link_text_color__hover=\u00a0\u00bb#2991D6&Prime; link_text_color__hover_enabled=\u00a0\u00bbon|desktop\u00a0\u00bb header_5_line_height__hover_enabled=\u00a0\u00bbon|desktop\u00a0\u00bb]<\/p>\n<h1 class=\"title\" style=\"text-align: center;\">Ce qui nous distingue<\/h1>\n<p>[\/et_pb_text][et_pb_divider color=\u00a0\u00bb#D3D3D3&Prime; _builder_version=\u00a0\u00bb4.9.4&Prime; _module_preset=\u00a0\u00bbdefault\u00a0\u00bb custom_margin=\u00a0\u00bb||||false|false\u00a0\u00bb][\/et_pb_divider][\/et_pb_column][\/et_pb_row][et_pb_row column_structure=\u00a0\u00bb1_4,1_2,1_4&Prime; use_custom_gutter=\u00a0\u00bbon\u00a0\u00bb gutter_width=\u00a0\u00bb2&Prime; _builder_version=\u00a0\u00bb4.9.4&Prime; _module_preset=\u00a0\u00bbdefault\u00a0\u00bb][et_pb_column type=\u00a0\u00bb1_4&Prime; _builder_version=\u00a0\u00bb4.9.4&Prime; _module_preset=\u00a0\u00bbdefault\u00a0\u00bb][et_pb_image src=\u00a0\u00bbhttps:\/\/davidsonhearingaids.com\/wp-content\/uploads\/2021\/05\/43B-120&#215;120-2.png\u00a0\u00bb title_text=\u00a0\u00bb43B-120&#215;120&Prime; _builder_version=\u00a0\u00bb4.9.4&Prime; _module_preset=\u00a0\u00bbdefault\u00a0\u00bb hover_enabled=\u00a0\u00bb0&Prime; sticky_enabled=\u00a0\u00bb0&Prime;][\/et_pb_image][\/et_pb_column][et_pb_column type=\u00a0\u00bb1_2&Prime; _builder_version=\u00a0\u00bb4.9.4&Prime; _module_preset=\u00a0\u00bbdefault\u00a0\u00bb][et_pb_text _builder_version=\u00a0\u00bb4.9.4&Prime; _module_preset=\u00a0\u00bbdefault\u00a0\u00bb]<\/p>\n<h3>La plus ancienne clinique auditive familiale et ind\u00e9pendante au Canada<\/h3>\n<p>Gr\u00e2ce \u00e0 nos ann\u00e9es d\u2019exp\u00e9rience, nous vous garantissons les appareils auditifs qui r\u00e9pondent le mieux \u00e0 tous vos besoins. Nous avons acc\u00e8s \u00e0 tous les fabricants vendus au Canada et pouvons r\u00e9parer n\u2019importe laquelle de ces marques d\u2019appareils auditifs. Parmi les marques que nous avons incluent Phonak, Widex, Siemens, Signia, Resound, Starkey, Oticon et Unitron, entre autres.<\/p>\n<p>[\/et_pb_text][\/et_pb_column][et_pb_column type=\u00a0\u00bb1_4&Prime; _builder_version=\u00a0\u00bb4.9.4&Prime; _module_preset=\u00a0\u00bbdefault\u00a0\u00bb][et_pb_image src=\u00a0\u00bbhttps:\/\/davidsonhearingaids.com\/wp-content\/uploads\/2021\/05\/75thAnniversaryLogo-200&#215;200-1.png\u00a0\u00bb title_text=\u00a0\u00bb75thAnniversaryLogo-200&#215;200&Prime; _builder_version=\u00a0\u00bb4.9.4&Prime; _module_preset=\u00a0\u00bbdefault\u00a0\u00bb hover_enabled=\u00a0\u00bb0&Prime; align=\u00a0\u00bbcenter\u00a0\u00bb sticky_enabled=\u00a0\u00bb0&Prime;][\/et_pb_image][\/et_pb_column][\/et_pb_row][et_pb_row column_structure=\u00a0\u00bb1_4,3_4&Prime; use_custom_gutter=\u00a0\u00bbon\u00a0\u00bb gutter_width=\u00a0\u00bb2&Prime; _builder_version=\u00a0\u00bb4.9.4&Prime; _module_preset=\u00a0\u00bbdefault\u00a0\u00bb][et_pb_column type=\u00a0\u00bb1_4&Prime; _builder_version=\u00a0\u00bb4.9.4&Prime; _module_preset=\u00a0\u00bbdefault\u00a0\u00bb][et_pb_image src=\u00a0\u00bbhttps:\/\/davidsonhearingaids.com\/wp-content\/uploads\/2021\/05\/hearingaidB-120&#215;120-2.png\u00a0\u00bb title_text=\u00a0\u00bbhearingaidB-120&#215;120&Prime; _builder_version=\u00a0\u00bb4.9.4&Prime; _module_preset=\u00a0\u00bbdefault\u00a0\u00bb][\/et_pb_image][\/et_pb_column][et_pb_column type=\u00a0\u00bb3_4&Prime; _builder_version=\u00a0\u00bb4.9.4&Prime; _module_preset=\u00a0\u00bbdefault\u00a0\u00bb][et_pb_text _builder_version=\u00a0\u00bb4.9.4&Prime; _module_preset=\u00a0\u00bbdefault\u00a0\u00bb]<\/p>\n<h3>Notre exp\u00e9rience dans le choix de proth\u00e8ses auditives<\/h3>\n<p>Notre \u00e9quipe de professionnels de la sant\u00e9 auditive vous guidera dans le processus de s\u00e9lection d\u2019une bonne proth\u00e8se auditive. Il y a trois d\u00e9cisions principales qui doivent \u00eatre prises lors de la s\u00e9lection d\u2019une proth\u00e8se auditive. Le premier est le style de bo\u00eetier dans lequel seront log\u00e9s les circuits du proth\u00e8se auditive, deuxi\u00e8mement, le niveau de performance du proth\u00e8se auditive et troisi\u00e8mement, le fabricant du proth\u00e8se auditive. Nous vous poserons des questions sur vos besoins par rapport \u00e0 votre style de vie et vos activit\u00e9s quotidiennes afin de vous aider \u00e0 choisir le mod\u00e8le le plus appropri\u00e9 parmi des milliers de choix.<\/p>\n<p>Cliquez ici pour notre page d\u2019information sur<span>\u00a0<\/span><a href=\"https:\/\/davidsonhearingaids.com\/products\/hearing-aids\/\" target=\"_blank\" rel=\"noopener\">les proth\u00e8ses auditives<\/a>.<\/p>\n<p>[\/et_pb_text][\/et_pb_column][\/et_pb_row][et_pb_row column_structure=\u00a0\u00bb1_4,3_4&Prime; use_custom_gutter=\u00a0\u00bbon\u00a0\u00bb gutter_width=\u00a0\u00bb2&Prime; _builder_version=\u00a0\u00bb4.9.4&Prime; _module_preset=\u00a0\u00bbdefault\u00a0\u00bb][et_pb_column type=\u00a0\u00bb1_4&Prime; _builder_version=\u00a0\u00bb4.9.4&Prime; _module_preset=\u00a0\u00bbdefault\u00a0\u00bb][et_pb_image src=\u00a0\u00bbhttps:\/\/davidsonhearingaids.com\/wp-content\/uploads\/2021\/05\/leaderB-120&#215;120-2.png\u00a0\u00bb title_text=\u00a0\u00bbleaderB-120&#215;120&Prime; _builder_version=\u00a0\u00bb4.9.4&Prime; _module_preset=\u00a0\u00bbdefault\u00a0\u00bb][\/et_pb_image][\/et_pb_column][et_pb_column type=\u00a0\u00bb3_4&Prime; _builder_version=\u00a0\u00bb4.9.4&Prime; _module_preset=\u00a0\u00bbdefault\u00a0\u00bb][et_pb_text _builder_version=\u00a0\u00bb4.9.4&Prime; _module_preset=\u00a0\u00bbdefault\u00a0\u00bb]<\/p>\n<h3>La plus grande s\u00e9lection de produits<\/h3>\n<p>Notre capacit\u00e9 de travailler avec tous les fabricants signifie que nous vous aiderons \u00e0 choisir le MEILLEUR produit pour VOUS! Contrairement \u00e0 un grand nombre de nos concurrents, qui appartient \u00e0 des fabricants, Davidson reste une entreprise familiale, ce qui nous permet de choisir parmi toutes les marques et tous les mod\u00e8les de fabricants. S\u2019il est vrai que tous les principaux fabricants d\u2019appareils auditives fabriquent maintenant de tr\u00e8s bonnes proth\u00e8ses auditives, il existe des diff\u00e9rences significatives en termes de qualit\u00e9 sonore, de programmes, de conception et de connectivit\u00e9, ce qui signifie que la marque la mieux adapt\u00e9e pour une personne peut ne pas \u00eatre la meilleure pour le suivant. Notre ind\u00e9pendance et nos relations avec tous les fabricants d\u2019appareils auditives nous permettent de prescrire les meilleurs produits possibles pour r\u00e9pondre aux besoins auditifs individuels de nos patients.<\/p>\n<p>[\/et_pb_text][\/et_pb_column][\/et_pb_row][\/et_pb_section]<\/p>\n","protected":false},"excerpt":{"rendered":"<p>Les fabricants que nous fournissons et soutenonsAu contraire de plusieurs de nos comp\u00e9titeurs qui sont associ\u00e9s \u00e0 ou entretenus par des manufacturiers, Davidson Hearing Aid Centres est une entreprise priv\u00e9e. Ceci nous permet de travailler avec tous les diff\u00e9rents manufacturiers d\u2019appareils auditifs et nous accorde la flexibilit\u00e9 de prescrire les meilleurs produits disponibles sur le [&hellip;]<\/p>\n","protected":false},"author":1,"featured_media":0,"parent":0,"menu_order":0,"comment_status":"open","ping_status":"open","template":"","meta":{"_et_pb_use_builder":"on","_et_pb_old_content":"","_et_gb_content_width":"","footnotes":""},"class_list":["post-822","page","type-page","status-publish","hentry"],"yoast_head":"<!-- This site is optimized with the Yoast SEO plugin v27.5 - https:\/\/yoast.com\/product\/yoast-seo-wordpress\/ -->\n<title>Tous les manufacturiers et les styles - Davidson Hearing Aid Centres<\/title>\n<meta name=\"robots\" content=\"index, follow, max-snippet:-1, max-image-preview:large, max-video-preview:-1\" \/>\n<link rel=\"canonical\" href=\"https:\/\/davidsonhearingaids.com\/products\/\" \/>\n<meta property=\"og:locale\" content=\"fr_FR\" \/>\n<meta property=\"og:type\" content=\"article\" \/>\n<meta property=\"og:title\" content=\"Tous les manufacturiers et les styles - Davidson Hearing Aid Centres\" \/>\n<meta property=\"og:description\" content=\"Les fabricants que nous fournissons et soutenonsAu contraire de plusieurs de nos comp\u00e9titeurs qui sont associ\u00e9s \u00e0 ou entretenus par des manufacturiers, Davidson Hearing Aid Centres est une entreprise priv\u00e9e. Ceci nous permet de travailler avec tous les diff\u00e9rents manufacturiers d\u2019appareils auditifs et nous accorde la flexibilit\u00e9 de prescrire les meilleurs produits disponibles sur le [&hellip;]\" \/>\n<meta property=\"og:url\" content=\"https:\/\/davidsonhearingaids.com\/products\/\" \/>\n<meta property=\"og:site_name\" content=\"Davidson Hearing Aid Centres\" \/>\n<meta property=\"article:modified_time\" content=\"2021-05-28T16:39:05+00:00\" \/>\n<meta name=\"twitter:card\" content=\"summary_large_image\" \/>\n<meta name=\"twitter:label1\" content=\"Dur\u00e9e de lecture estim\u00e9e\" \/>\n\t<meta name=\"twitter:data1\" content=\"8 minutes\" \/>\n<script type=\"application\/ld+json\" class=\"yoast-schema-graph\">{\"@context\":\"https:\\\/\\\/schema.org\",\"@graph\":[{\"@type\":\"WebPage\",\"@id\":\"https:\\\/\\\/davidsonhearingaids.com\\\/products\\\/\",\"url\":\"https:\\\/\\\/davidsonhearingaids.com\\\/products\\\/\",\"name\":\"Tous les manufacturiers et les styles - Davidson Hearing Aid Centres\",\"isPartOf\":{\"@id\":\"https:\\\/\\\/davidsonhearingaids.com\\\/#website\"},\"datePublished\":\"2014-12-16T20:29:43+00:00\",\"dateModified\":\"2021-05-28T16:39:05+00:00\",\"breadcrumb\":{\"@id\":\"https:\\\/\\\/davidsonhearingaids.com\\\/products\\\/#breadcrumb\"},\"inLanguage\":\"fr-FR\",\"potentialAction\":[{\"@type\":\"ReadAction\",\"target\":[\"https:\\\/\\\/davidsonhearingaids.com\\\/products\\\/\"]}]},{\"@type\":\"BreadcrumbList\",\"@id\":\"https:\\\/\\\/davidsonhearingaids.com\\\/products\\\/#breadcrumb\",\"itemListElement\":[{\"@type\":\"ListItem\",\"position\":1,\"name\":\"Home\",\"item\":\"https:\\\/\\\/davidsonhearingaids.com\\\/fr\\\/\"},{\"@type\":\"ListItem\",\"position\":2,\"name\":\"Tous les manufacturiers et les styles\"}]},{\"@type\":\"WebSite\",\"@id\":\"https:\\\/\\\/davidsonhearingaids.com\\\/#website\",\"url\":\"https:\\\/\\\/davidsonhearingaids.com\\\/\",\"name\":\"Davidson Hearing Aid Centres\",\"description\":\"Hearing Aid Ottawa\",\"potentialAction\":[{\"@type\":\"SearchAction\",\"target\":{\"@type\":\"EntryPoint\",\"urlTemplate\":\"https:\\\/\\\/davidsonhearingaids.com\\\/?s={search_term_string}\"},\"query-input\":{\"@type\":\"PropertyValueSpecification\",\"valueRequired\":true,\"valueName\":\"search_term_string\"}}],\"inLanguage\":\"fr-FR\"}]}<\/script>\n<!-- \/ Yoast SEO plugin. -->","yoast_head_json":{"title":"Tous les manufacturiers et les styles - Davidson Hearing Aid Centres","robots":{"index":"index","follow":"follow","max-snippet":"max-snippet:-1","max-image-preview":"max-image-preview:large","max-video-preview":"max-video-preview:-1"},"canonical":"https:\/\/davidsonhearingaids.com\/products\/","og_locale":"fr_FR","og_type":"article","og_title":"Tous les manufacturiers et les styles - Davidson Hearing Aid Centres","og_description":"Les fabricants que nous fournissons et soutenonsAu contraire de plusieurs de nos comp\u00e9titeurs qui sont associ\u00e9s \u00e0 ou entretenus par des manufacturiers, Davidson Hearing Aid Centres est une entreprise priv\u00e9e. Ceci nous permet de travailler avec tous les diff\u00e9rents manufacturiers d\u2019appareils auditifs et nous accorde la flexibilit\u00e9 de prescrire les meilleurs produits disponibles sur le [&hellip;]","og_url":"https:\/\/davidsonhearingaids.com\/products\/","og_site_name":"Davidson Hearing Aid Centres","article_modified_time":"2021-05-28T16:39:05+00:00","twitter_card":"summary_large_image","twitter_misc":{"Dur\u00e9e de lecture estim\u00e9e":"8 minutes"},"schema":{"@context":"https:\/\/schema.org","@graph":[{"@type":"WebPage","@id":"https:\/\/davidsonhearingaids.com\/products\/","url":"https:\/\/davidsonhearingaids.com\/products\/","name":"Tous les manufacturiers et les styles - Davidson Hearing Aid Centres","isPartOf":{"@id":"https:\/\/davidsonhearingaids.com\/#website"},"datePublished":"2014-12-16T20:29:43+00:00","dateModified":"2021-05-28T16:39:05+00:00","breadcrumb":{"@id":"https:\/\/davidsonhearingaids.com\/products\/#breadcrumb"},"inLanguage":"fr-FR","potentialAction":[{"@type":"ReadAction","target":["https:\/\/davidsonhearingaids.com\/products\/"]}]},{"@type":"BreadcrumbList","@id":"https:\/\/davidsonhearingaids.com\/products\/#breadcrumb","itemListElement":[{"@type":"ListItem","position":1,"name":"Home","item":"https:\/\/davidsonhearingaids.com\/fr\/"},{"@type":"ListItem","position":2,"name":"Tous les manufacturiers et les styles"}]},{"@type":"WebSite","@id":"https:\/\/davidsonhearingaids.com\/#website","url":"https:\/\/davidsonhearingaids.com\/","name":"Davidson Hearing Aid Centres","description":"Hearing Aid Ottawa","potentialAction":[{"@type":"SearchAction","target":{"@type":"EntryPoint","urlTemplate":"https:\/\/davidsonhearingaids.com\/?s={search_term_string}"},"query-input":{"@type":"PropertyValueSpecification","valueRequired":true,"valueName":"search_term_string"}}],"inLanguage":"fr-FR"}]}},"featured_image_src":null,"featured_image_src_square":null,"_links":{"self":[{"href":"https:\/\/davidsonhearingaids.com\/fr\/wp-json\/wp\/v2\/pages\/822","targetHints":{"allow":["GET"]}}],"collection":[{"href":"https:\/\/davidsonhearingaids.com\/fr\/wp-json\/wp\/v2\/pages"}],"about":[{"href":"https:\/\/davidsonhearingaids.com\/fr\/wp-json\/wp\/v2\/types\/page"}],"author":[{"embeddable":true,"href":"https:\/\/davidsonhearingaids.com\/fr\/wp-json\/wp\/v2\/users\/1"}],"replies":[{"embeddable":true,"href":"https:\/\/davidsonhearingaids.com\/fr\/wp-json\/wp\/v2\/comments?post=822"}],"version-history":[{"count":0,"href":"https:\/\/davidsonhearingaids.com\/fr\/wp-json\/wp\/v2\/pages\/822\/revisions"}],"wp:attachment":[{"href":"https:\/\/davidsonhearingaids.com\/fr\/wp-json\/wp\/v2\/media?parent=822"}],"curies":[{"name":"wp","href":"https:\/\/api.w.org\/{rel}","templated":true}]}}