{"id":12007,"date":"2020-05-07T09:34:24","date_gmt":"2020-05-07T13:34:24","guid":{"rendered":"https:\/\/revieweasy.ca\/client\/david\/?post_type=product&#038;p=12007"},"modified":"2024-01-05T09:36:40","modified_gmt":"2024-01-05T14:36:40","slug":"phonak-ric-receivers","status":"publish","type":"product","link":"https:\/\/davidsonhearingaids.com\/fr\/product\/phonak-ric-receivers\/","title":{"rendered":"Phonak RIC xReceivers"},"content":{"rendered":"<p>These are the receivers used on Phonak&rsquo;s Aud\u00e9o B, Aud\u00e9o V, Aud\u00e9o Q and Aud\u00e9o S models of hearing aids.<\/p>\n<p><strong>xS<\/strong> &#8211; Standard receivers are the least powerful. Used for mild to moderately severe hearing losses.\u00a0They are available in sizes 0, 1, 2 &amp; 3.<\/p>\n<p><strong>xP<\/strong> &#8211; Power receivers are the most powerful. Used for moderately severe to severe hearing losses.\u00a0They are available in sizes 0, 1, 2 &amp; 3.<\/p>\n<p><strong>PLEASE NOTE:<\/strong> <em>It is very important that you do not change the power level of the receiver without a visit to your hearing health care specialist for programming changes. If done, it will change the volume levels and frequency response of the hearing aids. This will result in a reduction in sound quality and the potential to cause further damage to your hearing.<\/em><\/p>\n","protected":false},"excerpt":{"rendered":"<p>Phonak Aud\u00e9o RIC hearing aid receivers.<\/p>\n","protected":false},"featured_media":12151,"template":"","meta":{"_et_pb_use_builder":"","_et_pb_old_content":"","_et_gb_content_width":""},"product_brand":[],"product_cat":[166],"product_tag":[],"class_list":{"0":"post-12007","1":"product","2":"type-product","3":"status-publish","4":"has-post-thumbnail","6":"product_cat-supplies","7":"product_shipping_class-courtesy","9":"first","10":"instock","11":"purchasable","12":"product-type-variable"},"yoast_head":"<!-- This site is optimized with the Yoast SEO plugin v27.3 - https:\/\/yoast.com\/product\/yoast-seo-wordpress\/ -->\n<title>Phonak RIC xReceivers - Davidson Hearing Aid Centres<\/title>\n<meta name=\"robots\" content=\"index, follow, max-snippet:-1, max-image-preview:large, max-video-preview:-1\" \/>\n<link rel=\"canonical\" href=\"https:\/\/davidsonhearingaids.com\/product\/phonak-ric-receivers\/\" \/>\n<meta property=\"og:locale\" content=\"fr_FR\" \/>\n<meta property=\"og:type\" content=\"article\" \/>\n<meta property=\"og:title\" content=\"Phonak RIC xReceivers - Davidson Hearing Aid Centres\" \/>\n<meta property=\"og:description\" content=\"Phonak Aud\u00e9o RIC hearing aid receivers.\" \/>\n<meta property=\"og:url\" content=\"https:\/\/davidsonhearingaids.com\/product\/phonak-ric-receivers\/\" \/>\n<meta property=\"og:site_name\" content=\"Davidson Hearing Aid Centres\" \/>\n<meta property=\"article:modified_time\" content=\"2024-01-05T14:36:40+00:00\" \/>\n<meta property=\"og:image\" content=\"http:\/\/davidsonhearingaids.com\/wp-content\/uploads\/2020\/05\/phonak-CRT-FitnGo.png\" \/>\n\t<meta property=\"og:image:width\" content=\"550\" \/>\n\t<meta property=\"og:image:height\" content=\"550\" \/>\n\t<meta property=\"og:image:type\" content=\"image\/png\" \/>\n<meta name=\"twitter:card\" content=\"summary_large_image\" \/>\n<meta name=\"twitter:label1\" content=\"Dur\u00e9e de lecture estim\u00e9e\" \/>\n\t<meta name=\"twitter:data1\" content=\"1 minute\" \/>\n<script type=\"application\/ld+json\" class=\"yoast-schema-graph\">{\"@context\":\"https:\\\/\\\/schema.org\",\"@graph\":[{\"@type\":\"WebPage\",\"@id\":\"https:\\\/\\\/davidsonhearingaids.com\\\/product\\\/phonak-ric-receivers\\\/\",\"url\":\"https:\\\/\\\/davidsonhearingaids.com\\\/product\\\/phonak-ric-receivers\\\/\",\"name\":\"Phonak RIC xReceivers - Davidson Hearing Aid Centres\",\"isPartOf\":{\"@id\":\"https:\\\/\\\/davidsonhearingaids.com\\\/#website\"},\"primaryImageOfPage\":{\"@id\":\"https:\\\/\\\/davidsonhearingaids.com\\\/product\\\/phonak-ric-receivers\\\/#primaryimage\"},\"image\":{\"@id\":\"https:\\\/\\\/davidsonhearingaids.com\\\/product\\\/phonak-ric-receivers\\\/#primaryimage\"},\"thumbnailUrl\":\"https:\\\/\\\/davidsonhearingaids.com\\\/wp-content\\\/uploads\\\/2020\\\/05\\\/phonak-CRT-FitnGo.png\",\"datePublished\":\"2020-05-07T13:34:24+00:00\",\"dateModified\":\"2024-01-05T14:36:40+00:00\",\"breadcrumb\":{\"@id\":\"https:\\\/\\\/davidsonhearingaids.com\\\/product\\\/phonak-ric-receivers\\\/#breadcrumb\"},\"inLanguage\":\"fr-FR\",\"potentialAction\":[{\"@type\":\"ReadAction\",\"target\":[\"https:\\\/\\\/davidsonhearingaids.com\\\/product\\\/phonak-ric-receivers\\\/\"]}]},{\"@type\":\"ImageObject\",\"inLanguage\":\"fr-FR\",\"@id\":\"https:\\\/\\\/davidsonhearingaids.com\\\/product\\\/phonak-ric-receivers\\\/#primaryimage\",\"url\":\"https:\\\/\\\/davidsonhearingaids.com\\\/wp-content\\\/uploads\\\/2020\\\/05\\\/phonak-CRT-FitnGo.png\",\"contentUrl\":\"https:\\\/\\\/davidsonhearingaids.com\\\/wp-content\\\/uploads\\\/2020\\\/05\\\/phonak-CRT-FitnGo.png\",\"width\":550,\"height\":550,\"caption\":\"Phonak hearing aid CRT Fit'nGo receivers for Audeo\"},{\"@type\":\"BreadcrumbList\",\"@id\":\"https:\\\/\\\/davidsonhearingaids.com\\\/product\\\/phonak-ric-receivers\\\/#breadcrumb\",\"itemListElement\":[{\"@type\":\"ListItem\",\"position\":1,\"name\":\"Home\",\"item\":\"https:\\\/\\\/davidsonhearingaids.com\\\/fr\\\/\"},{\"@type\":\"ListItem\",\"position\":2,\"name\":\"Shop\",\"item\":\"https:\\\/\\\/davidsonhearingaids.com\\\/shop\\\/\"},{\"@type\":\"ListItem\",\"position\":3,\"name\":\"Phonak RIC xReceivers\"}]},{\"@type\":\"WebSite\",\"@id\":\"https:\\\/\\\/davidsonhearingaids.com\\\/#website\",\"url\":\"https:\\\/\\\/davidsonhearingaids.com\\\/\",\"name\":\"Davidson Hearing Aid Centres\",\"description\":\"Hearing Aid Ottawa\",\"potentialAction\":[{\"@type\":\"SearchAction\",\"target\":{\"@type\":\"EntryPoint\",\"urlTemplate\":\"https:\\\/\\\/davidsonhearingaids.com\\\/?s={search_term_string}\"},\"query-input\":{\"@type\":\"PropertyValueSpecification\",\"valueRequired\":true,\"valueName\":\"search_term_string\"}}],\"inLanguage\":\"fr-FR\"}]}<\/script>\n<!-- \/ Yoast SEO plugin. -->","yoast_head_json":{"title":"Phonak RIC xReceivers - Davidson Hearing Aid Centres","robots":{"index":"index","follow":"follow","max-snippet":"max-snippet:-1","max-image-preview":"max-image-preview:large","max-video-preview":"max-video-preview:-1"},"canonical":"https:\/\/davidsonhearingaids.com\/product\/phonak-ric-receivers\/","og_locale":"fr_FR","og_type":"article","og_title":"Phonak RIC xReceivers - Davidson Hearing Aid Centres","og_description":"Phonak Aud\u00e9o RIC hearing aid receivers.","og_url":"https:\/\/davidsonhearingaids.com\/product\/phonak-ric-receivers\/","og_site_name":"Davidson Hearing Aid Centres","article_modified_time":"2024-01-05T14:36:40+00:00","og_image":[{"width":550,"height":550,"url":"http:\/\/davidsonhearingaids.com\/wp-content\/uploads\/2020\/05\/phonak-CRT-FitnGo.png","type":"image\/png"}],"twitter_card":"summary_large_image","twitter_misc":{"Dur\u00e9e de lecture estim\u00e9e":"1 minute"},"schema":{"@context":"https:\/\/schema.org","@graph":[{"@type":"WebPage","@id":"https:\/\/davidsonhearingaids.com\/product\/phonak-ric-receivers\/","url":"https:\/\/davidsonhearingaids.com\/product\/phonak-ric-receivers\/","name":"Phonak RIC xReceivers - Davidson Hearing Aid Centres","isPartOf":{"@id":"https:\/\/davidsonhearingaids.com\/#website"},"primaryImageOfPage":{"@id":"https:\/\/davidsonhearingaids.com\/product\/phonak-ric-receivers\/#primaryimage"},"image":{"@id":"https:\/\/davidsonhearingaids.com\/product\/phonak-ric-receivers\/#primaryimage"},"thumbnailUrl":"https:\/\/davidsonhearingaids.com\/wp-content\/uploads\/2020\/05\/phonak-CRT-FitnGo.png","datePublished":"2020-05-07T13:34:24+00:00","dateModified":"2024-01-05T14:36:40+00:00","breadcrumb":{"@id":"https:\/\/davidsonhearingaids.com\/product\/phonak-ric-receivers\/#breadcrumb"},"inLanguage":"fr-FR","potentialAction":[{"@type":"ReadAction","target":["https:\/\/davidsonhearingaids.com\/product\/phonak-ric-receivers\/"]}]},{"@type":"ImageObject","inLanguage":"fr-FR","@id":"https:\/\/davidsonhearingaids.com\/product\/phonak-ric-receivers\/#primaryimage","url":"https:\/\/davidsonhearingaids.com\/wp-content\/uploads\/2020\/05\/phonak-CRT-FitnGo.png","contentUrl":"https:\/\/davidsonhearingaids.com\/wp-content\/uploads\/2020\/05\/phonak-CRT-FitnGo.png","width":550,"height":550,"caption":"Phonak hearing aid CRT Fit'nGo receivers for Audeo"},{"@type":"BreadcrumbList","@id":"https:\/\/davidsonhearingaids.com\/product\/phonak-ric-receivers\/#breadcrumb","itemListElement":[{"@type":"ListItem","position":1,"name":"Home","item":"https:\/\/davidsonhearingaids.com\/fr\/"},{"@type":"ListItem","position":2,"name":"Shop","item":"https:\/\/davidsonhearingaids.com\/shop\/"},{"@type":"ListItem","position":3,"name":"Phonak RIC xReceivers"}]},{"@type":"WebSite","@id":"https:\/\/davidsonhearingaids.com\/#website","url":"https:\/\/davidsonhearingaids.com\/","name":"Davidson Hearing Aid Centres","description":"Hearing Aid Ottawa","potentialAction":[{"@type":"SearchAction","target":{"@type":"EntryPoint","urlTemplate":"https:\/\/davidsonhearingaids.com\/?s={search_term_string}"},"query-input":{"@type":"PropertyValueSpecification","valueRequired":true,"valueName":"search_term_string"}}],"inLanguage":"fr-FR"}]}},"_links":{"self":[{"href":"https:\/\/davidsonhearingaids.com\/fr\/wp-json\/wp\/v2\/product\/12007","targetHints":{"allow":["GET"]}}],"collection":[{"href":"https:\/\/davidsonhearingaids.com\/fr\/wp-json\/wp\/v2\/product"}],"about":[{"href":"https:\/\/davidsonhearingaids.com\/fr\/wp-json\/wp\/v2\/types\/product"}],"wp:featuredmedia":[{"embeddable":true,"href":"https:\/\/davidsonhearingaids.com\/fr\/wp-json\/wp\/v2\/media\/12151"}],"wp:attachment":[{"href":"https:\/\/davidsonhearingaids.com\/fr\/wp-json\/wp\/v2\/media?parent=12007"}],"wp:term":[{"taxonomy":"product_brand","embeddable":true,"href":"https:\/\/davidsonhearingaids.com\/fr\/wp-json\/wp\/v2\/product_brand?post=12007"},{"taxonomy":"product_cat","embeddable":true,"href":"https:\/\/davidsonhearingaids.com\/fr\/wp-json\/wp\/v2\/product_cat?post=12007"},{"taxonomy":"product_tag","embeddable":true,"href":"https:\/\/davidsonhearingaids.com\/fr\/wp-json\/wp\/v2\/product_tag?post=12007"}],"curies":[{"name":"wp","href":"https:\/\/api.w.org\/{rel}","templated":true}]}}